{"id":4206,"date":"2026-03-20T11:02:49","date_gmt":"2026-03-20T14:02:49","guid":{"rendered":"https:\/\/baquedano.com.ar\/sitio\/?post_type=product&#038;p=4206"},"modified":"2026-03-20T11:02:50","modified_gmt":"2026-03-20T14:02:50","slug":"baston-de-trekking-nexxt","status":"publish","type":"product","link":"https:\/\/baquedano.com.ar\/sitio\/producto\/baston-de-trekking-nexxt\/","title":{"rendered":"Bast\u00f3n de TREKKING &#8211; NEXXT"},"content":{"rendered":"<p>Descubr\u00ed una nueva forma de disfrutar tus aventuras al aire libre con estos bastones telesc\u00f3picos de trekking, dise\u00f1ados para brindarte m\u00e1ximo rendimiento, comodidad y seguridad en cada paso.<\/p>\n<p>Fabricados con varilla de aluminio 6061, combinan resistencia y ligereza para acompa\u00f1arte tanto en senderos exigentes como en caminatas recreativas. Su dise\u00f1o de 3 tramos permite un ajuste pr\u00e1ctico y preciso, adapt\u00e1ndose a diferentes alturas gracias a su rango regulable de 66 cm a 1,3 m.<\/p>\n<p>La manija ergon\u00f3mica, elaborada en corcho y goma EVA antideslizante, ofrece un agarre firme y confortable incluso en largas traves\u00edas o condiciones de humedad. Adem\u00e1s, incorporan un sistema anti-shock que reduce el impacto en tus articulaciones, mejorando la estabilidad y disminuyendo la fatiga.<\/p>\n<p>Para mayor durabilidad y tracci\u00f3n, cuentan con punta de tungsteno de alta resistencia, ideal para distintos tipos de terreno, e incluyen puntera de goma para superficies m\u00e1s delicadas.<\/p>\n<p>El complemento perfecto para quienes buscan rendimiento, confort y confianza en cada aventura.<\/p>\n","protected":false},"excerpt":{"rendered":"<p>Descubr\u00ed una nueva forma de disfrutar tus aventuras al aire libre con estos bastones telesc\u00f3picos de trekking, dise\u00f1ados para brindarte m\u00e1ximo rendimiento, comodidad y seguridad en cada paso. Fabricados con varilla de aluminio 6061, combinan resistencia y ligereza para acompa\u00f1arte tanto en senderos exigentes como en caminatas recreativas. Su dise\u00f1o de 3 tramos permite un [&hellip;]<\/p>\n","protected":false},"featured_media":4209,"template":"","meta":[],"product_brand":[],"product_cat":[121],"product_tag":[],"class_list":{"0":"post-4206","1":"product","2":"type-product","3":"status-publish","4":"has-post-thumbnail","6":"product_cat-accesorios","7":"product_shipping_class-simple","9":"first","10":"instock","11":"sold-individually","12":"shipping-taxable","13":"purchasable","14":"product-type-variable"},"yoast_head":"<!-- This site is optimized with the Yoast SEO Premium plugin v26.2 (Yoast SEO v27.1.1) - https:\/\/yoast.com\/product\/yoast-seo-premium-wordpress\/ -->\n<title>Bast\u00f3n de TREKKING - NEXXT - Baquedano<\/title>\n<meta name=\"robots\" content=\"index, follow, max-snippet:-1, max-image-preview:large, max-video-preview:-1\" \/>\n<link rel=\"canonical\" href=\"https:\/\/baquedano.com.ar\/sitio\/producto\/baston-de-trekking-nexxt\/\" \/>\n<meta property=\"og:locale\" content=\"es_ES\" \/>\n<meta property=\"og:type\" content=\"article\" \/>\n<meta property=\"og:title\" content=\"Bast\u00f3n de TREKKING - NEXXT\" \/>\n<meta property=\"og:description\" content=\"Descubr\u00ed una nueva forma de disfrutar tus aventuras al aire libre con estos bastones telesc\u00f3picos de trekking, dise\u00f1ados para brindarte m\u00e1ximo rendimiento, comodidad y seguridad en cada paso. Fabricados con varilla de aluminio 6061, combinan resistencia y ligereza para acompa\u00f1arte tanto en senderos exigentes como en caminatas recreativas. Su dise\u00f1o de 3 tramos permite un [&hellip;]\" \/>\n<meta property=\"og:url\" content=\"https:\/\/baquedano.com.ar\/sitio\/producto\/baston-de-trekking-nexxt\/\" \/>\n<meta property=\"og:site_name\" content=\"Baquedano\" \/>\n<meta property=\"article:publisher\" content=\"https:\/\/www.facebook.com\/baquedano.german\/\" \/>\n<meta property=\"article:modified_time\" content=\"2026-03-20T14:02:50+00:00\" \/>\n<meta property=\"og:image\" content=\"https:\/\/baquedano.com.ar\/sitio\/wp-content\/uploads\/2026\/03\/afdfbbee-5dee-44b8-9955-24695014fba4.jpg\" \/>\n\t<meta property=\"og:image:width\" content=\"1128\" \/>\n\t<meta property=\"og:image:height\" content=\"1200\" \/>\n\t<meta property=\"og:image:type\" content=\"image\/jpeg\" \/>\n<meta name=\"twitter:card\" content=\"summary_large_image\" \/>\n<meta name=\"twitter:label1\" content=\"Tiempo de lectura\" \/>\n\t<meta name=\"twitter:data1\" content=\"1 minuto\" \/>\n<script type=\"application\/ld+json\" class=\"yoast-schema-graph\">{\"@context\":\"https:\/\/schema.org\",\"@graph\":[{\"@type\":\"WebPage\",\"@id\":\"https:\/\/baquedano.com.ar\/sitio\/producto\/baston-de-trekking-nexxt\/\",\"url\":\"https:\/\/baquedano.com.ar\/sitio\/producto\/baston-de-trekking-nexxt\/\",\"name\":\"Bast\u00f3n de TREKKING - NEXXT - Baquedano\",\"isPartOf\":{\"@id\":\"https:\/\/baquedano.com.ar\/sitio\/#website\"},\"primaryImageOfPage\":{\"@id\":\"https:\/\/baquedano.com.ar\/sitio\/producto\/baston-de-trekking-nexxt\/#primaryimage\"},\"image\":{\"@id\":\"https:\/\/baquedano.com.ar\/sitio\/producto\/baston-de-trekking-nexxt\/#primaryimage\"},\"thumbnailUrl\":\"https:\/\/baquedano.com.ar\/sitio\/wp-content\/uploads\/2026\/03\/afdfbbee-5dee-44b8-9955-24695014fba4.jpg\",\"datePublished\":\"2026-03-20T14:02:49+00:00\",\"dateModified\":\"2026-03-20T14:02:50+00:00\",\"breadcrumb\":{\"@id\":\"https:\/\/baquedano.com.ar\/sitio\/producto\/baston-de-trekking-nexxt\/#breadcrumb\"},\"inLanguage\":\"es\",\"potentialAction\":[{\"@type\":\"ReadAction\",\"target\":[\"https:\/\/baquedano.com.ar\/sitio\/producto\/baston-de-trekking-nexxt\/\"]}]},{\"@type\":\"ImageObject\",\"inLanguage\":\"es\",\"@id\":\"https:\/\/baquedano.com.ar\/sitio\/producto\/baston-de-trekking-nexxt\/#primaryimage\",\"url\":\"https:\/\/baquedano.com.ar\/sitio\/wp-content\/uploads\/2026\/03\/afdfbbee-5dee-44b8-9955-24695014fba4.jpg\",\"contentUrl\":\"https:\/\/baquedano.com.ar\/sitio\/wp-content\/uploads\/2026\/03\/afdfbbee-5dee-44b8-9955-24695014fba4.jpg\",\"width\":1128,\"height\":1200},{\"@type\":\"BreadcrumbList\",\"@id\":\"https:\/\/baquedano.com.ar\/sitio\/producto\/baston-de-trekking-nexxt\/#breadcrumb\",\"itemListElement\":[{\"@type\":\"ListItem\",\"position\":1,\"name\":\"Portada\",\"item\":\"https:\/\/baquedano.com.ar\/sitio\/\"},{\"@type\":\"ListItem\",\"position\":2,\"name\":\"Productos\",\"item\":\"https:\/\/baquedano.com.ar\/sitio\/shop\/\"},{\"@type\":\"ListItem\",\"position\":3,\"name\":\"Bast\u00f3n de TREKKING &#8211; NEXXT\"}]},{\"@type\":\"WebSite\",\"@id\":\"https:\/\/baquedano.com.ar\/sitio\/#website\",\"url\":\"https:\/\/baquedano.com.ar\/sitio\/\",\"name\":\"German Baquedano\",\"description\":\"La fuerza de la calidad\",\"publisher\":{\"@id\":\"https:\/\/baquedano.com.ar\/sitio\/#organization\"},\"potentialAction\":[{\"@type\":\"SearchAction\",\"target\":{\"@type\":\"EntryPoint\",\"urlTemplate\":\"https:\/\/baquedano.com.ar\/sitio\/?s={search_term_string}\"},\"query-input\":{\"@type\":\"PropertyValueSpecification\",\"valueRequired\":true,\"valueName\":\"search_term_string\"}}],\"inLanguage\":\"es\"},{\"@type\":\"Organization\",\"@id\":\"https:\/\/baquedano.com.ar\/sitio\/#organization\",\"name\":\"Baquedano\",\"url\":\"https:\/\/baquedano.com.ar\/sitio\/\",\"logo\":{\"@type\":\"ImageObject\",\"inLanguage\":\"es\",\"@id\":\"https:\/\/baquedano.com.ar\/sitio\/#\/schema\/logo\/image\/\",\"url\":\"https:\/\/baquedano.com.ar\/sitio\/wp-content\/uploads\/2022\/02\/logo_tr.png\",\"contentUrl\":\"https:\/\/baquedano.com.ar\/sitio\/wp-content\/uploads\/2022\/02\/logo_tr.png\",\"width\":362,\"height\":119,\"caption\":\"Baquedano\"},\"image\":{\"@id\":\"https:\/\/baquedano.com.ar\/sitio\/#\/schema\/logo\/image\/\"},\"sameAs\":[\"https:\/\/www.facebook.com\/baquedano.german\/\",\"https:\/\/www.instagram.com\/baquedanog\/\"],\"email\":\"gbaquedano@baquedano.com.ar\",\"telephone\":\"+542477440611\"}]}<\/script>\n<!-- \/ Yoast SEO Premium plugin. -->","yoast_head_json":{"title":"Bast\u00f3n de TREKKING - NEXXT - Baquedano","robots":{"index":"index","follow":"follow","max-snippet":"max-snippet:-1","max-image-preview":"max-image-preview:large","max-video-preview":"max-video-preview:-1"},"canonical":"https:\/\/baquedano.com.ar\/sitio\/producto\/baston-de-trekking-nexxt\/","og_locale":"es_ES","og_type":"article","og_title":"Bast\u00f3n de TREKKING - NEXXT","og_description":"Descubr\u00ed una nueva forma de disfrutar tus aventuras al aire libre con estos bastones telesc\u00f3picos de trekking, dise\u00f1ados para brindarte m\u00e1ximo rendimiento, comodidad y seguridad en cada paso. Fabricados con varilla de aluminio 6061, combinan resistencia y ligereza para acompa\u00f1arte tanto en senderos exigentes como en caminatas recreativas. Su dise\u00f1o de 3 tramos permite un [&hellip;]","og_url":"https:\/\/baquedano.com.ar\/sitio\/producto\/baston-de-trekking-nexxt\/","og_site_name":"Baquedano","article_publisher":"https:\/\/www.facebook.com\/baquedano.german\/","article_modified_time":"2026-03-20T14:02:50+00:00","og_image":[{"width":1128,"height":1200,"url":"https:\/\/baquedano.com.ar\/sitio\/wp-content\/uploads\/2026\/03\/afdfbbee-5dee-44b8-9955-24695014fba4.jpg","type":"image\/jpeg"}],"twitter_card":"summary_large_image","twitter_misc":{"Tiempo de lectura":"1 minuto"},"schema":{"@context":"https:\/\/schema.org","@graph":[{"@type":"WebPage","@id":"https:\/\/baquedano.com.ar\/sitio\/producto\/baston-de-trekking-nexxt\/","url":"https:\/\/baquedano.com.ar\/sitio\/producto\/baston-de-trekking-nexxt\/","name":"Bast\u00f3n de TREKKING - NEXXT - Baquedano","isPartOf":{"@id":"https:\/\/baquedano.com.ar\/sitio\/#website"},"primaryImageOfPage":{"@id":"https:\/\/baquedano.com.ar\/sitio\/producto\/baston-de-trekking-nexxt\/#primaryimage"},"image":{"@id":"https:\/\/baquedano.com.ar\/sitio\/producto\/baston-de-trekking-nexxt\/#primaryimage"},"thumbnailUrl":"https:\/\/baquedano.com.ar\/sitio\/wp-content\/uploads\/2026\/03\/afdfbbee-5dee-44b8-9955-24695014fba4.jpg","datePublished":"2026-03-20T14:02:49+00:00","dateModified":"2026-03-20T14:02:50+00:00","breadcrumb":{"@id":"https:\/\/baquedano.com.ar\/sitio\/producto\/baston-de-trekking-nexxt\/#breadcrumb"},"inLanguage":"es","potentialAction":[{"@type":"ReadAction","target":["https:\/\/baquedano.com.ar\/sitio\/producto\/baston-de-trekking-nexxt\/"]}]},{"@type":"ImageObject","inLanguage":"es","@id":"https:\/\/baquedano.com.ar\/sitio\/producto\/baston-de-trekking-nexxt\/#primaryimage","url":"https:\/\/baquedano.com.ar\/sitio\/wp-content\/uploads\/2026\/03\/afdfbbee-5dee-44b8-9955-24695014fba4.jpg","contentUrl":"https:\/\/baquedano.com.ar\/sitio\/wp-content\/uploads\/2026\/03\/afdfbbee-5dee-44b8-9955-24695014fba4.jpg","width":1128,"height":1200},{"@type":"BreadcrumbList","@id":"https:\/\/baquedano.com.ar\/sitio\/producto\/baston-de-trekking-nexxt\/#breadcrumb","itemListElement":[{"@type":"ListItem","position":1,"name":"Portada","item":"https:\/\/baquedano.com.ar\/sitio\/"},{"@type":"ListItem","position":2,"name":"Productos","item":"https:\/\/baquedano.com.ar\/sitio\/shop\/"},{"@type":"ListItem","position":3,"name":"Bast\u00f3n de TREKKING &#8211; NEXXT"}]},{"@type":"WebSite","@id":"https:\/\/baquedano.com.ar\/sitio\/#website","url":"https:\/\/baquedano.com.ar\/sitio\/","name":"German Baquedano","description":"La fuerza de la calidad","publisher":{"@id":"https:\/\/baquedano.com.ar\/sitio\/#organization"},"potentialAction":[{"@type":"SearchAction","target":{"@type":"EntryPoint","urlTemplate":"https:\/\/baquedano.com.ar\/sitio\/?s={search_term_string}"},"query-input":{"@type":"PropertyValueSpecification","valueRequired":true,"valueName":"search_term_string"}}],"inLanguage":"es"},{"@type":"Organization","@id":"https:\/\/baquedano.com.ar\/sitio\/#organization","name":"Baquedano","url":"https:\/\/baquedano.com.ar\/sitio\/","logo":{"@type":"ImageObject","inLanguage":"es","@id":"https:\/\/baquedano.com.ar\/sitio\/#\/schema\/logo\/image\/","url":"https:\/\/baquedano.com.ar\/sitio\/wp-content\/uploads\/2022\/02\/logo_tr.png","contentUrl":"https:\/\/baquedano.com.ar\/sitio\/wp-content\/uploads\/2022\/02\/logo_tr.png","width":362,"height":119,"caption":"Baquedano"},"image":{"@id":"https:\/\/baquedano.com.ar\/sitio\/#\/schema\/logo\/image\/"},"sameAs":["https:\/\/www.facebook.com\/baquedano.german\/","https:\/\/www.instagram.com\/baquedanog\/"],"email":"gbaquedano@baquedano.com.ar","telephone":"+542477440611"}]}},"_links":{"self":[{"href":"https:\/\/baquedano.com.ar\/sitio\/wp-json\/wp\/v2\/product\/4206","targetHints":{"allow":["GET"]}}],"collection":[{"href":"https:\/\/baquedano.com.ar\/sitio\/wp-json\/wp\/v2\/product"}],"about":[{"href":"https:\/\/baquedano.com.ar\/sitio\/wp-json\/wp\/v2\/types\/product"}],"wp:featuredmedia":[{"embeddable":true,"href":"https:\/\/baquedano.com.ar\/sitio\/wp-json\/wp\/v2\/media\/4209"}],"wp:attachment":[{"href":"https:\/\/baquedano.com.ar\/sitio\/wp-json\/wp\/v2\/media?parent=4206"}],"wp:term":[{"taxonomy":"product_brand","embeddable":true,"href":"https:\/\/baquedano.com.ar\/sitio\/wp-json\/wp\/v2\/product_brand?post=4206"},{"taxonomy":"product_cat","embeddable":true,"href":"https:\/\/baquedano.com.ar\/sitio\/wp-json\/wp\/v2\/product_cat?post=4206"},{"taxonomy":"product_tag","embeddable":true,"href":"https:\/\/baquedano.com.ar\/sitio\/wp-json\/wp\/v2\/product_tag?post=4206"}],"curies":[{"name":"wp","href":"https:\/\/api.w.org\/{rel}","templated":true}]}}