{"id":4136,"date":"2026-03-19T17:13:01","date_gmt":"2026-03-19T20:13:01","guid":{"rendered":"https:\/\/baquedano.com.ar\/sitio\/?post_type=product&#038;p=4136"},"modified":"2026-03-19T17:15:23","modified_gmt":"2026-03-19T20:15:23","slug":"pantalon-de-algodon-hombre-songe","status":"publish","type":"product","link":"https:\/\/baquedano.com.ar\/sitio\/producto\/pantalon-de-algodon-hombre-songe\/","title":{"rendered":"Pantalon de algodon -HOMBRE- SONGE"},"content":{"rendered":"<p>Dise\u00f1ado para acompa\u00f1arte en cada momento del d\u00eda, este pantal\u00f3n combina abrigo, comodidad y un estilo urbano con esencia outdoor. Confeccionado en algod\u00f3n de alta calidad con friza interna, brinda una sensaci\u00f3n t\u00e9rmica ideal para los d\u00edas frescos sin perder libertad de movimiento.<\/p>\n<p>Su corte recto ofrece un calce moderno y funcional, pensado para un uso vers\u00e1til: desde la rutina diaria hasta escapadas al aire libre. Resistente, pr\u00e1ctico y f\u00e1cil de combinar, es una prenda esencial en tu guardarropa.<\/p>\n<p>Caracter\u00edsticas:<\/p>\n<p>Algod\u00f3n premium con interior frizado<\/p>\n<p>Corte recto, c\u00f3modo y funcional<\/p>\n<p>Abrigo liviano para uso diario<\/p>\n<p>Estilo urbano con impronta outdoor<\/p>\n<p>Alta durabilidad y excelente calce<\/p>\n","protected":false},"excerpt":{"rendered":"<p>Dise\u00f1ado para acompa\u00f1arte en cada momento del d\u00eda, este pantal\u00f3n combina abrigo, comodidad y un estilo urbano con esencia outdoor. Confeccionado en algod\u00f3n de alta calidad con friza interna, brinda una sensaci\u00f3n t\u00e9rmica ideal para los d\u00edas frescos sin perder libertad de movimiento. Su corte recto ofrece un calce moderno y funcional, pensado para un [&hellip;]<\/p>\n","protected":false},"featured_media":4139,"template":"","meta":[],"product_brand":[],"product_cat":[118,24],"product_tag":[],"class_list":{"0":"post-4136","1":"product","2":"type-product","3":"status-publish","4":"has-post-thumbnail","6":"product_cat-hombre","7":"product_cat-uncategorized","9":"first","10":"instock","11":"sold-individually","12":"shipping-taxable","13":"purchasable","14":"product-type-variable"},"yoast_head":"<!-- This site is optimized with the Yoast SEO Premium plugin v26.2 (Yoast SEO v27.1.1) - https:\/\/yoast.com\/product\/yoast-seo-premium-wordpress\/ -->\n<title>Pantalon de algodon -HOMBRE- SONGE - Baquedano<\/title>\n<meta name=\"robots\" content=\"index, follow, max-snippet:-1, max-image-preview:large, max-video-preview:-1\" \/>\n<link rel=\"canonical\" href=\"https:\/\/baquedano.com.ar\/sitio\/producto\/pantalon-de-algodon-hombre-songe\/\" \/>\n<meta property=\"og:locale\" content=\"es_ES\" \/>\n<meta property=\"og:type\" content=\"article\" \/>\n<meta property=\"og:title\" content=\"Pantalon de algodon -HOMBRE- SONGE\" \/>\n<meta property=\"og:description\" content=\"Dise\u00f1ado para acompa\u00f1arte en cada momento del d\u00eda, este pantal\u00f3n combina abrigo, comodidad y un estilo urbano con esencia outdoor. Confeccionado en algod\u00f3n de alta calidad con friza interna, brinda una sensaci\u00f3n t\u00e9rmica ideal para los d\u00edas frescos sin perder libertad de movimiento. Su corte recto ofrece un calce moderno y funcional, pensado para un [&hellip;]\" \/>\n<meta property=\"og:url\" content=\"https:\/\/baquedano.com.ar\/sitio\/producto\/pantalon-de-algodon-hombre-songe\/\" \/>\n<meta property=\"og:site_name\" content=\"Baquedano\" \/>\n<meta property=\"article:publisher\" content=\"https:\/\/www.facebook.com\/baquedano.german\/\" \/>\n<meta property=\"article:modified_time\" content=\"2026-03-19T20:15:23+00:00\" \/>\n<meta property=\"og:image\" content=\"https:\/\/baquedano.com.ar\/sitio\/wp-content\/uploads\/2026\/03\/90d07e7b-680f-49b8-be6f-53195d5f2974.jpg\" \/>\n\t<meta property=\"og:image:width\" content=\"1024\" \/>\n\t<meta property=\"og:image:height\" content=\"1536\" \/>\n\t<meta property=\"og:image:type\" content=\"image\/jpeg\" \/>\n<meta name=\"twitter:card\" content=\"summary_large_image\" \/>\n<meta name=\"twitter:label1\" content=\"Tiempo de lectura\" \/>\n\t<meta name=\"twitter:data1\" content=\"1 minuto\" \/>\n<script type=\"application\/ld+json\" class=\"yoast-schema-graph\">{\"@context\":\"https:\/\/schema.org\",\"@graph\":[{\"@type\":\"WebPage\",\"@id\":\"https:\/\/baquedano.com.ar\/sitio\/producto\/pantalon-de-algodon-hombre-songe\/\",\"url\":\"https:\/\/baquedano.com.ar\/sitio\/producto\/pantalon-de-algodon-hombre-songe\/\",\"name\":\"Pantalon de algodon -HOMBRE- SONGE - Baquedano\",\"isPartOf\":{\"@id\":\"https:\/\/baquedano.com.ar\/sitio\/#website\"},\"primaryImageOfPage\":{\"@id\":\"https:\/\/baquedano.com.ar\/sitio\/producto\/pantalon-de-algodon-hombre-songe\/#primaryimage\"},\"image\":{\"@id\":\"https:\/\/baquedano.com.ar\/sitio\/producto\/pantalon-de-algodon-hombre-songe\/#primaryimage\"},\"thumbnailUrl\":\"https:\/\/baquedano.com.ar\/sitio\/wp-content\/uploads\/2026\/03\/90d07e7b-680f-49b8-be6f-53195d5f2974.jpg\",\"datePublished\":\"2026-03-19T20:13:01+00:00\",\"dateModified\":\"2026-03-19T20:15:23+00:00\",\"breadcrumb\":{\"@id\":\"https:\/\/baquedano.com.ar\/sitio\/producto\/pantalon-de-algodon-hombre-songe\/#breadcrumb\"},\"inLanguage\":\"es\",\"potentialAction\":[{\"@type\":\"ReadAction\",\"target\":[\"https:\/\/baquedano.com.ar\/sitio\/producto\/pantalon-de-algodon-hombre-songe\/\"]}]},{\"@type\":\"ImageObject\",\"inLanguage\":\"es\",\"@id\":\"https:\/\/baquedano.com.ar\/sitio\/producto\/pantalon-de-algodon-hombre-songe\/#primaryimage\",\"url\":\"https:\/\/baquedano.com.ar\/sitio\/wp-content\/uploads\/2026\/03\/90d07e7b-680f-49b8-be6f-53195d5f2974.jpg\",\"contentUrl\":\"https:\/\/baquedano.com.ar\/sitio\/wp-content\/uploads\/2026\/03\/90d07e7b-680f-49b8-be6f-53195d5f2974.jpg\",\"width\":1024,\"height\":1536},{\"@type\":\"BreadcrumbList\",\"@id\":\"https:\/\/baquedano.com.ar\/sitio\/producto\/pantalon-de-algodon-hombre-songe\/#breadcrumb\",\"itemListElement\":[{\"@type\":\"ListItem\",\"position\":1,\"name\":\"Portada\",\"item\":\"https:\/\/baquedano.com.ar\/sitio\/\"},{\"@type\":\"ListItem\",\"position\":2,\"name\":\"Productos\",\"item\":\"https:\/\/baquedano.com.ar\/sitio\/shop\/\"},{\"@type\":\"ListItem\",\"position\":3,\"name\":\"Pantalon de algodon -HOMBRE- SONGE\"}]},{\"@type\":\"WebSite\",\"@id\":\"https:\/\/baquedano.com.ar\/sitio\/#website\",\"url\":\"https:\/\/baquedano.com.ar\/sitio\/\",\"name\":\"German Baquedano\",\"description\":\"La fuerza de la calidad\",\"publisher\":{\"@id\":\"https:\/\/baquedano.com.ar\/sitio\/#organization\"},\"potentialAction\":[{\"@type\":\"SearchAction\",\"target\":{\"@type\":\"EntryPoint\",\"urlTemplate\":\"https:\/\/baquedano.com.ar\/sitio\/?s={search_term_string}\"},\"query-input\":{\"@type\":\"PropertyValueSpecification\",\"valueRequired\":true,\"valueName\":\"search_term_string\"}}],\"inLanguage\":\"es\"},{\"@type\":\"Organization\",\"@id\":\"https:\/\/baquedano.com.ar\/sitio\/#organization\",\"name\":\"Baquedano\",\"url\":\"https:\/\/baquedano.com.ar\/sitio\/\",\"logo\":{\"@type\":\"ImageObject\",\"inLanguage\":\"es\",\"@id\":\"https:\/\/baquedano.com.ar\/sitio\/#\/schema\/logo\/image\/\",\"url\":\"https:\/\/baquedano.com.ar\/sitio\/wp-content\/uploads\/2022\/02\/logo_tr.png\",\"contentUrl\":\"https:\/\/baquedano.com.ar\/sitio\/wp-content\/uploads\/2022\/02\/logo_tr.png\",\"width\":362,\"height\":119,\"caption\":\"Baquedano\"},\"image\":{\"@id\":\"https:\/\/baquedano.com.ar\/sitio\/#\/schema\/logo\/image\/\"},\"sameAs\":[\"https:\/\/www.facebook.com\/baquedano.german\/\",\"https:\/\/www.instagram.com\/baquedanog\/\"],\"email\":\"gbaquedano@baquedano.com.ar\",\"telephone\":\"+542477440611\"}]}<\/script>\n<!-- \/ Yoast SEO Premium plugin. -->","yoast_head_json":{"title":"Pantalon de algodon -HOMBRE- SONGE - Baquedano","robots":{"index":"index","follow":"follow","max-snippet":"max-snippet:-1","max-image-preview":"max-image-preview:large","max-video-preview":"max-video-preview:-1"},"canonical":"https:\/\/baquedano.com.ar\/sitio\/producto\/pantalon-de-algodon-hombre-songe\/","og_locale":"es_ES","og_type":"article","og_title":"Pantalon de algodon -HOMBRE- SONGE","og_description":"Dise\u00f1ado para acompa\u00f1arte en cada momento del d\u00eda, este pantal\u00f3n combina abrigo, comodidad y un estilo urbano con esencia outdoor. Confeccionado en algod\u00f3n de alta calidad con friza interna, brinda una sensaci\u00f3n t\u00e9rmica ideal para los d\u00edas frescos sin perder libertad de movimiento. Su corte recto ofrece un calce moderno y funcional, pensado para un [&hellip;]","og_url":"https:\/\/baquedano.com.ar\/sitio\/producto\/pantalon-de-algodon-hombre-songe\/","og_site_name":"Baquedano","article_publisher":"https:\/\/www.facebook.com\/baquedano.german\/","article_modified_time":"2026-03-19T20:15:23+00:00","og_image":[{"width":1024,"height":1536,"url":"https:\/\/baquedano.com.ar\/sitio\/wp-content\/uploads\/2026\/03\/90d07e7b-680f-49b8-be6f-53195d5f2974.jpg","type":"image\/jpeg"}],"twitter_card":"summary_large_image","twitter_misc":{"Tiempo de lectura":"1 minuto"},"schema":{"@context":"https:\/\/schema.org","@graph":[{"@type":"WebPage","@id":"https:\/\/baquedano.com.ar\/sitio\/producto\/pantalon-de-algodon-hombre-songe\/","url":"https:\/\/baquedano.com.ar\/sitio\/producto\/pantalon-de-algodon-hombre-songe\/","name":"Pantalon de algodon -HOMBRE- SONGE - Baquedano","isPartOf":{"@id":"https:\/\/baquedano.com.ar\/sitio\/#website"},"primaryImageOfPage":{"@id":"https:\/\/baquedano.com.ar\/sitio\/producto\/pantalon-de-algodon-hombre-songe\/#primaryimage"},"image":{"@id":"https:\/\/baquedano.com.ar\/sitio\/producto\/pantalon-de-algodon-hombre-songe\/#primaryimage"},"thumbnailUrl":"https:\/\/baquedano.com.ar\/sitio\/wp-content\/uploads\/2026\/03\/90d07e7b-680f-49b8-be6f-53195d5f2974.jpg","datePublished":"2026-03-19T20:13:01+00:00","dateModified":"2026-03-19T20:15:23+00:00","breadcrumb":{"@id":"https:\/\/baquedano.com.ar\/sitio\/producto\/pantalon-de-algodon-hombre-songe\/#breadcrumb"},"inLanguage":"es","potentialAction":[{"@type":"ReadAction","target":["https:\/\/baquedano.com.ar\/sitio\/producto\/pantalon-de-algodon-hombre-songe\/"]}]},{"@type":"ImageObject","inLanguage":"es","@id":"https:\/\/baquedano.com.ar\/sitio\/producto\/pantalon-de-algodon-hombre-songe\/#primaryimage","url":"https:\/\/baquedano.com.ar\/sitio\/wp-content\/uploads\/2026\/03\/90d07e7b-680f-49b8-be6f-53195d5f2974.jpg","contentUrl":"https:\/\/baquedano.com.ar\/sitio\/wp-content\/uploads\/2026\/03\/90d07e7b-680f-49b8-be6f-53195d5f2974.jpg","width":1024,"height":1536},{"@type":"BreadcrumbList","@id":"https:\/\/baquedano.com.ar\/sitio\/producto\/pantalon-de-algodon-hombre-songe\/#breadcrumb","itemListElement":[{"@type":"ListItem","position":1,"name":"Portada","item":"https:\/\/baquedano.com.ar\/sitio\/"},{"@type":"ListItem","position":2,"name":"Productos","item":"https:\/\/baquedano.com.ar\/sitio\/shop\/"},{"@type":"ListItem","position":3,"name":"Pantalon de algodon -HOMBRE- SONGE"}]},{"@type":"WebSite","@id":"https:\/\/baquedano.com.ar\/sitio\/#website","url":"https:\/\/baquedano.com.ar\/sitio\/","name":"German Baquedano","description":"La fuerza de la calidad","publisher":{"@id":"https:\/\/baquedano.com.ar\/sitio\/#organization"},"potentialAction":[{"@type":"SearchAction","target":{"@type":"EntryPoint","urlTemplate":"https:\/\/baquedano.com.ar\/sitio\/?s={search_term_string}"},"query-input":{"@type":"PropertyValueSpecification","valueRequired":true,"valueName":"search_term_string"}}],"inLanguage":"es"},{"@type":"Organization","@id":"https:\/\/baquedano.com.ar\/sitio\/#organization","name":"Baquedano","url":"https:\/\/baquedano.com.ar\/sitio\/","logo":{"@type":"ImageObject","inLanguage":"es","@id":"https:\/\/baquedano.com.ar\/sitio\/#\/schema\/logo\/image\/","url":"https:\/\/baquedano.com.ar\/sitio\/wp-content\/uploads\/2022\/02\/logo_tr.png","contentUrl":"https:\/\/baquedano.com.ar\/sitio\/wp-content\/uploads\/2022\/02\/logo_tr.png","width":362,"height":119,"caption":"Baquedano"},"image":{"@id":"https:\/\/baquedano.com.ar\/sitio\/#\/schema\/logo\/image\/"},"sameAs":["https:\/\/www.facebook.com\/baquedano.german\/","https:\/\/www.instagram.com\/baquedanog\/"],"email":"gbaquedano@baquedano.com.ar","telephone":"+542477440611"}]}},"_links":{"self":[{"href":"https:\/\/baquedano.com.ar\/sitio\/wp-json\/wp\/v2\/product\/4136","targetHints":{"allow":["GET"]}}],"collection":[{"href":"https:\/\/baquedano.com.ar\/sitio\/wp-json\/wp\/v2\/product"}],"about":[{"href":"https:\/\/baquedano.com.ar\/sitio\/wp-json\/wp\/v2\/types\/product"}],"wp:featuredmedia":[{"embeddable":true,"href":"https:\/\/baquedano.com.ar\/sitio\/wp-json\/wp\/v2\/media\/4139"}],"wp:attachment":[{"href":"https:\/\/baquedano.com.ar\/sitio\/wp-json\/wp\/v2\/media?parent=4136"}],"wp:term":[{"taxonomy":"product_brand","embeddable":true,"href":"https:\/\/baquedano.com.ar\/sitio\/wp-json\/wp\/v2\/product_brand?post=4136"},{"taxonomy":"product_cat","embeddable":true,"href":"https:\/\/baquedano.com.ar\/sitio\/wp-json\/wp\/v2\/product_cat?post=4136"},{"taxonomy":"product_tag","embeddable":true,"href":"https:\/\/baquedano.com.ar\/sitio\/wp-json\/wp\/v2\/product_tag?post=4136"}],"curies":[{"name":"wp","href":"https:\/\/api.w.org\/{rel}","templated":true}]}}