{"id":4016,"date":"2026-03-07T09:45:53","date_gmt":"2026-03-07T12:45:53","guid":{"rendered":"https:\/\/baquedano.com.ar\/sitio\/?post_type=product&#038;p=4016"},"modified":"2026-03-18T16:28:30","modified_gmt":"2026-03-18T19:28:30","slug":"buzo-dama-polarvent-montagne","status":"publish","type":"product","link":"https:\/\/baquedano.com.ar\/sitio\/producto\/buzo-dama-polarvent-montagne\/","title":{"rendered":"Campera Dama PolarVent- MONTAGNE"},"content":{"rendered":"<div class=\"flex flex-col text-sm pb-25\">\n<article class=\"text-token-text-primary w-full focus:outline-none [--shadow-height:45px] has-data-writing-block:pointer-events-none has-data-writing-block:-mt-(--shadow-height) has-data-writing-block:pt-(--shadow-height) [&amp;:has([data-writing-block])&gt;*]:pointer-events-auto scroll-mt-[calc(var(--header-height)+min(200px,max(70px,20svh)))]\" dir=\"auto\" tabindex=\"-1\" data-turn-id=\"request-WEB:7b5d3d69-ba0e-49c7-b731-df6490623ad3-2\" data-testid=\"conversation-turn-6\" data-scroll-anchor=\"true\" data-turn=\"assistant\">\n<div class=\"text-base my-auto mx-auto pb-10 [--thread-content-margin:var(--thread-content-margin-xs,calc(var(--spacing)*4))] @w-sm\/main:[--thread-content-margin:var(--thread-content-margin-sm,calc(var(--spacing)*6))] @w-lg\/main:[--thread-content-margin:var(--thread-content-margin-lg,calc(var(--spacing)*16))] px-(--thread-content-margin)\">\n<div class=\"[--thread-content-max-width:40rem] @w-lg\/main:[--thread-content-max-width:48rem] mx-auto max-w-(--thread-content-max-width) flex-1 group\/turn-messages focus-visible:outline-hidden relative flex w-full min-w-0 flex-col agent-turn\" tabindex=\"-1\">\n<div class=\"flex max-w-full flex-col gap-4 grow\">\n<div class=\"min-h-8 text-message relative flex w-full flex-col items-end gap-2 text-start break-words whitespace-normal [.text-message+&amp;]:mt-1\" dir=\"auto\" data-message-author-role=\"assistant\" data-message-id=\"5251c975-6b3b-4cc2-a72b-dad61906978c\" data-message-model-slug=\"gpt-5-3\">\n<div class=\"flex w-full flex-col gap-1 empty:hidden\">\n<div class=\"markdown prose dark:prose-invert w-full wrap-break-word dark markdown-new-styling\">\n<blockquote>\n<p style=\"text-align: left;\" data-start=\"36\" data-end=\"539\" data-is-last-node=\"\" data-is-only-node=\"\">Campera con capucha confeccionado en <strong data-start=\"58\" data-end=\"80\">Polar Vent Melange<\/strong>, un tejido liviano, t\u00e9rmico y de <strong data-start=\"114\" data-end=\"131\">secado r\u00e1pido<\/strong> que ayuda a regular el calor corporal durante la actividad. Su interior con <strong data-start=\"208\" data-end=\"234\">canales de ventilaci\u00f3n<\/strong> mantiene el cuerpo seco y c\u00f3modo. Cuenta con <strong data-start=\"280\" data-end=\"314\">medio cierre frontal doble v\u00eda<\/strong>, <strong data-start=\"316\" data-end=\"336\">costuras stretch<\/strong> <strong data-start=\"338\" data-end=\"355\">manga ranglan<\/strong>, <strong data-start=\"357\" data-end=\"379\">detalle reflectivo<\/strong> y <strong data-start=\"382\" data-end=\"399\">ojal pasadedo<\/strong>. Ideal para <strong data-start=\"412\" data-end=\"458\">actividades outdoor y deportes de invierno<\/strong>. Posee <strong data-start=\"466\" data-end=\"493\">tratamiento antipilling<\/strong> para mayor durabilidad y no requiere plancha.<\/p>\n<\/blockquote>\n<\/div>\n<\/div>\n<\/div>\n<\/div>\n<div class=\"z-0 flex min-h-[46px] justify-start\"><\/div>\n<div class=\"mt-3 w-full empty:hidden\">\n<div class=\"text-center\"><\/div>\n<\/div>\n<\/div>\n<\/div>\n<\/article>\n<\/div>\n<div class=\"pointer-events-none h-px w-px absolute bottom-0\" aria-hidden=\"true\" data-edge=\"true\"><\/div>\n","protected":false},"excerpt":{"rendered":"<p>Campera con capucha confeccionado en Polar Vent Melange, un tejido liviano, t\u00e9rmico y de secado r\u00e1pido que ayuda a regular el calor corporal durante la actividad. Su interior con canales de ventilaci\u00f3n mantiene el cuerpo seco y c\u00f3modo. Cuenta con medio cierre frontal doble v\u00eda, costuras stretch manga ranglan, detalle reflectivo y ojal pasadedo. Ideal [&hellip;]<\/p>\n","protected":false},"featured_media":4109,"template":"","meta":[],"product_brand":[],"product_cat":[119],"product_tag":[],"class_list":{"0":"post-4016","1":"product","2":"type-product","3":"status-publish","4":"has-post-thumbnail","6":"product_cat-dama","7":"product_shipping_class-simple","9":"first","10":"instock","11":"sold-individually","12":"shipping-taxable","13":"purchasable","14":"product-type-variable"},"yoast_head":"<!-- This site is optimized with the Yoast SEO Premium plugin v26.2 (Yoast SEO v27.1.1) - https:\/\/yoast.com\/product\/yoast-seo-premium-wordpress\/ -->\n<title>Campera Dama PolarVent- MONTAGNE - Baquedano<\/title>\n<meta name=\"robots\" content=\"index, follow, max-snippet:-1, max-image-preview:large, max-video-preview:-1\" \/>\n<link rel=\"canonical\" href=\"https:\/\/baquedano.com.ar\/sitio\/producto\/buzo-dama-polarvent-montagne\/\" \/>\n<meta property=\"og:locale\" content=\"es_ES\" \/>\n<meta property=\"og:type\" content=\"article\" \/>\n<meta property=\"og:title\" content=\"Campera Dama PolarVent- MONTAGNE\" \/>\n<meta property=\"og:description\" content=\"Campera con capucha confeccionado en Polar Vent Melange, un tejido liviano, t\u00e9rmico y de secado r\u00e1pido que ayuda a regular el calor corporal durante la actividad. Su interior con canales de ventilaci\u00f3n mantiene el cuerpo seco y c\u00f3modo. Cuenta con medio cierre frontal doble v\u00eda, costuras stretch manga ranglan, detalle reflectivo y ojal pasadedo. Ideal [&hellip;]\" \/>\n<meta property=\"og:url\" content=\"https:\/\/baquedano.com.ar\/sitio\/producto\/buzo-dama-polarvent-montagne\/\" \/>\n<meta property=\"og:site_name\" content=\"Baquedano\" \/>\n<meta property=\"article:publisher\" content=\"https:\/\/www.facebook.com\/baquedano.german\/\" \/>\n<meta property=\"article:modified_time\" content=\"2026-03-18T19:28:30+00:00\" \/>\n<meta property=\"og:image\" content=\"https:\/\/baquedano.com.ar\/sitio\/wp-content\/uploads\/2026\/03\/79aedbb2-d405-425c-a375-5e863b1e5b8a.jpg\" \/>\n\t<meta property=\"og:image:width\" content=\"585\" \/>\n\t<meta property=\"og:image:height\" content=\"709\" \/>\n\t<meta property=\"og:image:type\" content=\"image\/jpeg\" \/>\n<meta name=\"twitter:card\" content=\"summary_large_image\" \/>\n<meta name=\"twitter:label1\" content=\"Tiempo de lectura\" \/>\n\t<meta name=\"twitter:data1\" content=\"1 minuto\" \/>\n<script type=\"application\/ld+json\" class=\"yoast-schema-graph\">{\"@context\":\"https:\/\/schema.org\",\"@graph\":[{\"@type\":\"WebPage\",\"@id\":\"https:\/\/baquedano.com.ar\/sitio\/producto\/buzo-dama-polarvent-montagne\/\",\"url\":\"https:\/\/baquedano.com.ar\/sitio\/producto\/buzo-dama-polarvent-montagne\/\",\"name\":\"Campera Dama PolarVent- MONTAGNE - Baquedano\",\"isPartOf\":{\"@id\":\"https:\/\/baquedano.com.ar\/sitio\/#website\"},\"primaryImageOfPage\":{\"@id\":\"https:\/\/baquedano.com.ar\/sitio\/producto\/buzo-dama-polarvent-montagne\/#primaryimage\"},\"image\":{\"@id\":\"https:\/\/baquedano.com.ar\/sitio\/producto\/buzo-dama-polarvent-montagne\/#primaryimage\"},\"thumbnailUrl\":\"https:\/\/baquedano.com.ar\/sitio\/wp-content\/uploads\/2026\/03\/79aedbb2-d405-425c-a375-5e863b1e5b8a.jpg\",\"datePublished\":\"2026-03-07T12:45:53+00:00\",\"dateModified\":\"2026-03-18T19:28:30+00:00\",\"breadcrumb\":{\"@id\":\"https:\/\/baquedano.com.ar\/sitio\/producto\/buzo-dama-polarvent-montagne\/#breadcrumb\"},\"inLanguage\":\"es\",\"potentialAction\":[{\"@type\":\"ReadAction\",\"target\":[\"https:\/\/baquedano.com.ar\/sitio\/producto\/buzo-dama-polarvent-montagne\/\"]}]},{\"@type\":\"ImageObject\",\"inLanguage\":\"es\",\"@id\":\"https:\/\/baquedano.com.ar\/sitio\/producto\/buzo-dama-polarvent-montagne\/#primaryimage\",\"url\":\"https:\/\/baquedano.com.ar\/sitio\/wp-content\/uploads\/2026\/03\/79aedbb2-d405-425c-a375-5e863b1e5b8a.jpg\",\"contentUrl\":\"https:\/\/baquedano.com.ar\/sitio\/wp-content\/uploads\/2026\/03\/79aedbb2-d405-425c-a375-5e863b1e5b8a.jpg\",\"width\":585,\"height\":709},{\"@type\":\"BreadcrumbList\",\"@id\":\"https:\/\/baquedano.com.ar\/sitio\/producto\/buzo-dama-polarvent-montagne\/#breadcrumb\",\"itemListElement\":[{\"@type\":\"ListItem\",\"position\":1,\"name\":\"Portada\",\"item\":\"https:\/\/baquedano.com.ar\/sitio\/\"},{\"@type\":\"ListItem\",\"position\":2,\"name\":\"Productos\",\"item\":\"https:\/\/baquedano.com.ar\/sitio\/shop\/\"},{\"@type\":\"ListItem\",\"position\":3,\"name\":\"Campera Dama PolarVent- MONTAGNE\"}]},{\"@type\":\"WebSite\",\"@id\":\"https:\/\/baquedano.com.ar\/sitio\/#website\",\"url\":\"https:\/\/baquedano.com.ar\/sitio\/\",\"name\":\"German Baquedano\",\"description\":\"La fuerza de la calidad\",\"publisher\":{\"@id\":\"https:\/\/baquedano.com.ar\/sitio\/#organization\"},\"potentialAction\":[{\"@type\":\"SearchAction\",\"target\":{\"@type\":\"EntryPoint\",\"urlTemplate\":\"https:\/\/baquedano.com.ar\/sitio\/?s={search_term_string}\"},\"query-input\":{\"@type\":\"PropertyValueSpecification\",\"valueRequired\":true,\"valueName\":\"search_term_string\"}}],\"inLanguage\":\"es\"},{\"@type\":\"Organization\",\"@id\":\"https:\/\/baquedano.com.ar\/sitio\/#organization\",\"name\":\"Baquedano\",\"url\":\"https:\/\/baquedano.com.ar\/sitio\/\",\"logo\":{\"@type\":\"ImageObject\",\"inLanguage\":\"es\",\"@id\":\"https:\/\/baquedano.com.ar\/sitio\/#\/schema\/logo\/image\/\",\"url\":\"https:\/\/baquedano.com.ar\/sitio\/wp-content\/uploads\/2022\/02\/logo_tr.png\",\"contentUrl\":\"https:\/\/baquedano.com.ar\/sitio\/wp-content\/uploads\/2022\/02\/logo_tr.png\",\"width\":362,\"height\":119,\"caption\":\"Baquedano\"},\"image\":{\"@id\":\"https:\/\/baquedano.com.ar\/sitio\/#\/schema\/logo\/image\/\"},\"sameAs\":[\"https:\/\/www.facebook.com\/baquedano.german\/\",\"https:\/\/www.instagram.com\/baquedanog\/\"],\"email\":\"gbaquedano@baquedano.com.ar\",\"telephone\":\"+542477440611\"}]}<\/script>\n<!-- \/ Yoast SEO Premium plugin. -->","yoast_head_json":{"title":"Campera Dama PolarVent- MONTAGNE - Baquedano","robots":{"index":"index","follow":"follow","max-snippet":"max-snippet:-1","max-image-preview":"max-image-preview:large","max-video-preview":"max-video-preview:-1"},"canonical":"https:\/\/baquedano.com.ar\/sitio\/producto\/buzo-dama-polarvent-montagne\/","og_locale":"es_ES","og_type":"article","og_title":"Campera Dama PolarVent- MONTAGNE","og_description":"Campera con capucha confeccionado en Polar Vent Melange, un tejido liviano, t\u00e9rmico y de secado r\u00e1pido que ayuda a regular el calor corporal durante la actividad. Su interior con canales de ventilaci\u00f3n mantiene el cuerpo seco y c\u00f3modo. Cuenta con medio cierre frontal doble v\u00eda, costuras stretch manga ranglan, detalle reflectivo y ojal pasadedo. Ideal [&hellip;]","og_url":"https:\/\/baquedano.com.ar\/sitio\/producto\/buzo-dama-polarvent-montagne\/","og_site_name":"Baquedano","article_publisher":"https:\/\/www.facebook.com\/baquedano.german\/","article_modified_time":"2026-03-18T19:28:30+00:00","og_image":[{"width":585,"height":709,"url":"https:\/\/baquedano.com.ar\/sitio\/wp-content\/uploads\/2026\/03\/79aedbb2-d405-425c-a375-5e863b1e5b8a.jpg","type":"image\/jpeg"}],"twitter_card":"summary_large_image","twitter_misc":{"Tiempo de lectura":"1 minuto"},"schema":{"@context":"https:\/\/schema.org","@graph":[{"@type":"WebPage","@id":"https:\/\/baquedano.com.ar\/sitio\/producto\/buzo-dama-polarvent-montagne\/","url":"https:\/\/baquedano.com.ar\/sitio\/producto\/buzo-dama-polarvent-montagne\/","name":"Campera Dama PolarVent- MONTAGNE - Baquedano","isPartOf":{"@id":"https:\/\/baquedano.com.ar\/sitio\/#website"},"primaryImageOfPage":{"@id":"https:\/\/baquedano.com.ar\/sitio\/producto\/buzo-dama-polarvent-montagne\/#primaryimage"},"image":{"@id":"https:\/\/baquedano.com.ar\/sitio\/producto\/buzo-dama-polarvent-montagne\/#primaryimage"},"thumbnailUrl":"https:\/\/baquedano.com.ar\/sitio\/wp-content\/uploads\/2026\/03\/79aedbb2-d405-425c-a375-5e863b1e5b8a.jpg","datePublished":"2026-03-07T12:45:53+00:00","dateModified":"2026-03-18T19:28:30+00:00","breadcrumb":{"@id":"https:\/\/baquedano.com.ar\/sitio\/producto\/buzo-dama-polarvent-montagne\/#breadcrumb"},"inLanguage":"es","potentialAction":[{"@type":"ReadAction","target":["https:\/\/baquedano.com.ar\/sitio\/producto\/buzo-dama-polarvent-montagne\/"]}]},{"@type":"ImageObject","inLanguage":"es","@id":"https:\/\/baquedano.com.ar\/sitio\/producto\/buzo-dama-polarvent-montagne\/#primaryimage","url":"https:\/\/baquedano.com.ar\/sitio\/wp-content\/uploads\/2026\/03\/79aedbb2-d405-425c-a375-5e863b1e5b8a.jpg","contentUrl":"https:\/\/baquedano.com.ar\/sitio\/wp-content\/uploads\/2026\/03\/79aedbb2-d405-425c-a375-5e863b1e5b8a.jpg","width":585,"height":709},{"@type":"BreadcrumbList","@id":"https:\/\/baquedano.com.ar\/sitio\/producto\/buzo-dama-polarvent-montagne\/#breadcrumb","itemListElement":[{"@type":"ListItem","position":1,"name":"Portada","item":"https:\/\/baquedano.com.ar\/sitio\/"},{"@type":"ListItem","position":2,"name":"Productos","item":"https:\/\/baquedano.com.ar\/sitio\/shop\/"},{"@type":"ListItem","position":3,"name":"Campera Dama PolarVent- MONTAGNE"}]},{"@type":"WebSite","@id":"https:\/\/baquedano.com.ar\/sitio\/#website","url":"https:\/\/baquedano.com.ar\/sitio\/","name":"German Baquedano","description":"La fuerza de la calidad","publisher":{"@id":"https:\/\/baquedano.com.ar\/sitio\/#organization"},"potentialAction":[{"@type":"SearchAction","target":{"@type":"EntryPoint","urlTemplate":"https:\/\/baquedano.com.ar\/sitio\/?s={search_term_string}"},"query-input":{"@type":"PropertyValueSpecification","valueRequired":true,"valueName":"search_term_string"}}],"inLanguage":"es"},{"@type":"Organization","@id":"https:\/\/baquedano.com.ar\/sitio\/#organization","name":"Baquedano","url":"https:\/\/baquedano.com.ar\/sitio\/","logo":{"@type":"ImageObject","inLanguage":"es","@id":"https:\/\/baquedano.com.ar\/sitio\/#\/schema\/logo\/image\/","url":"https:\/\/baquedano.com.ar\/sitio\/wp-content\/uploads\/2022\/02\/logo_tr.png","contentUrl":"https:\/\/baquedano.com.ar\/sitio\/wp-content\/uploads\/2022\/02\/logo_tr.png","width":362,"height":119,"caption":"Baquedano"},"image":{"@id":"https:\/\/baquedano.com.ar\/sitio\/#\/schema\/logo\/image\/"},"sameAs":["https:\/\/www.facebook.com\/baquedano.german\/","https:\/\/www.instagram.com\/baquedanog\/"],"email":"gbaquedano@baquedano.com.ar","telephone":"+542477440611"}]}},"_links":{"self":[{"href":"https:\/\/baquedano.com.ar\/sitio\/wp-json\/wp\/v2\/product\/4016","targetHints":{"allow":["GET"]}}],"collection":[{"href":"https:\/\/baquedano.com.ar\/sitio\/wp-json\/wp\/v2\/product"}],"about":[{"href":"https:\/\/baquedano.com.ar\/sitio\/wp-json\/wp\/v2\/types\/product"}],"wp:featuredmedia":[{"embeddable":true,"href":"https:\/\/baquedano.com.ar\/sitio\/wp-json\/wp\/v2\/media\/4109"}],"wp:attachment":[{"href":"https:\/\/baquedano.com.ar\/sitio\/wp-json\/wp\/v2\/media?parent=4016"}],"wp:term":[{"taxonomy":"product_brand","embeddable":true,"href":"https:\/\/baquedano.com.ar\/sitio\/wp-json\/wp\/v2\/product_brand?post=4016"},{"taxonomy":"product_cat","embeddable":true,"href":"https:\/\/baquedano.com.ar\/sitio\/wp-json\/wp\/v2\/product_cat?post=4016"},{"taxonomy":"product_tag","embeddable":true,"href":"https:\/\/baquedano.com.ar\/sitio\/wp-json\/wp\/v2\/product_tag?post=4016"}],"curies":[{"name":"wp","href":"https:\/\/api.w.org\/{rel}","templated":true}]}}