{"id":3915,"date":"2025-07-29T09:21:29","date_gmt":"2025-07-29T12:21:29","guid":{"rendered":"https:\/\/baquedano.com.ar\/sitio\/?post_type=product&#038;p=3915"},"modified":"2026-03-06T16:49:54","modified_gmt":"2026-03-06T19:49:54","slug":"medias-comprecion-graduada-sox","status":"publish","type":"product","link":"https:\/\/baquedano.com.ar\/sitio\/producto\/medias-comprecion-graduada-sox\/","title":{"rendered":"MEDIAS COMPRECION GRADUADA &#8211; SOX"},"content":{"rendered":"<h3 data-section-id=\"4059ed\" data-start=\"139\" data-end=\"196\">\u00a0Medias de Compresi\u00f3n SOX \u2013 Descanso y Recuperaci\u00f3n<\/h3>\n<p data-start=\"198\" data-end=\"376\">Dise\u00f1adas para brindar confort, aliviar la fatiga muscular y mejorar la circulaci\u00f3n, las medias SOX son ideales para viajes largos, jornadas extensas de pie o post entrenamiento.<\/p>\n<p data-start=\"378\" data-end=\"641\">&#x1f538; <strong data-start=\"381\" data-end=\"415\">Compresi\u00f3n graduada 15-20 mmHg<\/strong><br data-start=\"415\" data-end=\"418\" \/>&#x1f538; <strong data-start=\"421\" data-end=\"451\">Tejido tricapa inteligente<\/strong>: elasticidad, ajuste y confort<br data-start=\"482\" data-end=\"485\" \/>&#x1f538; <strong data-start=\"488\" data-end=\"502\">Pu\u00f1o doble<\/strong> que no se baja<br data-start=\"517\" data-end=\"520\" \/>&#x1f538; <strong data-start=\"523\" data-end=\"540\">Secado r\u00e1pido<\/strong>: evita humedad, hongos y mal olor<br data-start=\"574\" data-end=\"577\" \/>&#x1f538; <strong data-start=\"580\" data-end=\"610\">Puntera y tal\u00f3n reforzados<\/strong><br data-start=\"610\" data-end=\"613\" \/>&#x1f538; <strong data-start=\"616\" data-end=\"641\">Ca\u00f1a y pie anat\u00f3micos<\/strong><\/p>\n<p data-start=\"643\" data-end=\"764\"><strong data-start=\"643\" data-end=\"664\">Usos recomendados<\/strong>:<br data-start=\"665\" data-end=\"668\" \/>&#x2714;&#xfe0f; Viajes largos o cortos<br data-start=\"693\" data-end=\"696\" \/>&#x2714;&#xfe0f; Despu\u00e9s de la actividad f\u00edsica<br data-start=\"729\" data-end=\"732\" \/>&#x2714;&#xfe0f; Largas horas sentado o de pie<\/p>\n<p data-start=\"766\" data-end=\"822\">Composici\u00f3n: 58% Poliamida, 27% Elastodieno, 15% Spandex<\/p>\n","protected":false},"excerpt":{"rendered":"<h3 data-section-id=\"4059ed\" data-start=\"139\" data-end=\"196\">&#x1f9e6; Medias de Compresi\u00f3n SOX \u2013 Descanso y Recuperaci\u00f3n<\/h3>\n<p data-start=\"198\" data-end=\"376\">Dise\u00f1adas para brindar confort, aliviar la fatiga muscular y mejorar la circulaci\u00f3n, las medias SOX son ideales para viajes largos, jornadas extensas de pie o post entrenamiento.<\/p>\n<p data-start=\"378\" data-end=\"641\">&#x1f538; <strong data-start=\"381\" data-end=\"415\">Compresi\u00f3n graduada 15-20 mmHg<\/strong><br data-start=\"415\" data-end=\"418\" \/>&#x1f538; <strong data-start=\"421\" data-end=\"451\">Tejido tricapa inteligente<\/strong>: elasticidad, ajuste y confort<br data-start=\"482\" data-end=\"485\" \/>&#x1f538; <strong data-start=\"488\" data-end=\"502\">Pu\u00f1o doble<\/strong> que no se baja<br data-start=\"517\" data-end=\"520\" \/>&#x1f538; <strong data-start=\"523\" data-end=\"540\">Secado r\u00e1pido<\/strong>: evita humedad, hongos y mal olor<br data-start=\"574\" data-end=\"577\" \/>&#x1f538; <strong data-start=\"580\" data-end=\"610\">Puntera y tal\u00f3n reforzados<\/strong><br data-start=\"610\" data-end=\"613\" \/>&#x1f538; <strong data-start=\"616\" data-end=\"641\">Ca\u00f1a y pie anat\u00f3micos<\/strong><\/p>\n<p data-start=\"643\" data-end=\"764\"><strong data-start=\"643\" data-end=\"664\">Usos recomendados<\/strong>:<br data-start=\"665\" data-end=\"668\" \/>&#x2714;&#xfe0f; Viajes largos o cortos<br data-start=\"693\" data-end=\"696\" \/>&#x2714;&#xfe0f; Despu\u00e9s de la actividad f\u00edsica<br data-start=\"729\" data-end=\"732\" \/>&#x2714;&#xfe0f; Largas horas sentado o de pie<\/p>\n","protected":false},"featured_media":3927,"template":"","meta":[],"product_brand":[],"product_cat":[121],"product_tag":[],"class_list":{"0":"post-3915","1":"product","2":"type-product","3":"status-publish","4":"has-post-thumbnail","6":"product_cat-accesorios","8":"first","9":"instock","10":"shipping-taxable","11":"purchasable","12":"product-type-variable"},"yoast_head":"<!-- This site is optimized with the Yoast SEO Premium plugin v26.2 (Yoast SEO v27.1.1) - https:\/\/yoast.com\/product\/yoast-seo-premium-wordpress\/ -->\n<title>MEDIAS COMPRECION GRADUADA - SOX - Baquedano<\/title>\n<meta name=\"robots\" content=\"index, follow, max-snippet:-1, max-image-preview:large, max-video-preview:-1\" \/>\n<link rel=\"canonical\" href=\"https:\/\/baquedano.com.ar\/sitio\/producto\/medias-comprecion-graduada-sox\/\" \/>\n<meta property=\"og:locale\" content=\"es_ES\" \/>\n<meta property=\"og:type\" content=\"article\" \/>\n<meta property=\"og:title\" content=\"MEDIAS COMPRECION GRADUADA - SOX\" \/>\n<meta property=\"og:description\" content=\"&#x1f9e6; Medias de Compresi\u00f3n SOX \u2013 Descanso y Recuperaci\u00f3n Dise\u00f1adas para brindar confort, aliviar la fatiga muscular y mejorar la circulaci\u00f3n, las medias SOX son ideales para viajes largos, jornadas extensas de pie o post entrenamiento. &#x1f538; Compresi\u00f3n graduada 15-20 mmHg&#x1f538; Tejido tricapa inteligente: elasticidad, ajuste y confort&#x1f538; Pu\u00f1o doble que no se baja&#x1f538; Secado r\u00e1pido: evita humedad, hongos y mal olor&#x1f538; Puntera y tal\u00f3n reforzados&#x1f538; Ca\u00f1a y pie anat\u00f3micos Usos recomendados:&#x2714;&#xfe0f; Viajes largos o cortos&#x2714;&#xfe0f; Despu\u00e9s de la actividad f\u00edsica&#x2714;&#xfe0f; Largas horas sentado o de pie\" \/>\n<meta property=\"og:url\" content=\"https:\/\/baquedano.com.ar\/sitio\/producto\/medias-comprecion-graduada-sox\/\" \/>\n<meta property=\"og:site_name\" content=\"Baquedano\" \/>\n<meta property=\"article:publisher\" content=\"https:\/\/www.facebook.com\/baquedano.german\/\" \/>\n<meta property=\"article:modified_time\" content=\"2026-03-06T19:49:54+00:00\" \/>\n<meta property=\"og:image\" content=\"https:\/\/baquedano.com.ar\/sitio\/wp-content\/uploads\/2025\/07\/623c7a21-dc03-4e6c-8334-e0f41cddc00d.jpg\" \/>\n\t<meta property=\"og:image:width\" content=\"712\" \/>\n\t<meta property=\"og:image:height\" content=\"771\" \/>\n\t<meta property=\"og:image:type\" content=\"image\/jpeg\" \/>\n<meta name=\"twitter:card\" content=\"summary_large_image\" \/>\n<meta name=\"twitter:label1\" content=\"Tiempo de lectura\" \/>\n\t<meta name=\"twitter:data1\" content=\"1 minuto\" \/>\n<script type=\"application\/ld+json\" class=\"yoast-schema-graph\">{\"@context\":\"https:\/\/schema.org\",\"@graph\":[{\"@type\":\"WebPage\",\"@id\":\"https:\/\/baquedano.com.ar\/sitio\/producto\/medias-comprecion-graduada-sox\/\",\"url\":\"https:\/\/baquedano.com.ar\/sitio\/producto\/medias-comprecion-graduada-sox\/\",\"name\":\"MEDIAS COMPRECION GRADUADA - SOX - Baquedano\",\"isPartOf\":{\"@id\":\"https:\/\/baquedano.com.ar\/sitio\/#website\"},\"primaryImageOfPage\":{\"@id\":\"https:\/\/baquedano.com.ar\/sitio\/producto\/medias-comprecion-graduada-sox\/#primaryimage\"},\"image\":{\"@id\":\"https:\/\/baquedano.com.ar\/sitio\/producto\/medias-comprecion-graduada-sox\/#primaryimage\"},\"thumbnailUrl\":\"https:\/\/baquedano.com.ar\/sitio\/wp-content\/uploads\/2025\/07\/623c7a21-dc03-4e6c-8334-e0f41cddc00d.jpg\",\"datePublished\":\"2025-07-29T12:21:29+00:00\",\"dateModified\":\"2026-03-06T19:49:54+00:00\",\"breadcrumb\":{\"@id\":\"https:\/\/baquedano.com.ar\/sitio\/producto\/medias-comprecion-graduada-sox\/#breadcrumb\"},\"inLanguage\":\"es\",\"potentialAction\":[{\"@type\":\"ReadAction\",\"target\":[\"https:\/\/baquedano.com.ar\/sitio\/producto\/medias-comprecion-graduada-sox\/\"]}]},{\"@type\":\"ImageObject\",\"inLanguage\":\"es\",\"@id\":\"https:\/\/baquedano.com.ar\/sitio\/producto\/medias-comprecion-graduada-sox\/#primaryimage\",\"url\":\"https:\/\/baquedano.com.ar\/sitio\/wp-content\/uploads\/2025\/07\/623c7a21-dc03-4e6c-8334-e0f41cddc00d.jpg\",\"contentUrl\":\"https:\/\/baquedano.com.ar\/sitio\/wp-content\/uploads\/2025\/07\/623c7a21-dc03-4e6c-8334-e0f41cddc00d.jpg\",\"width\":712,\"height\":771},{\"@type\":\"BreadcrumbList\",\"@id\":\"https:\/\/baquedano.com.ar\/sitio\/producto\/medias-comprecion-graduada-sox\/#breadcrumb\",\"itemListElement\":[{\"@type\":\"ListItem\",\"position\":1,\"name\":\"Portada\",\"item\":\"https:\/\/baquedano.com.ar\/sitio\/\"},{\"@type\":\"ListItem\",\"position\":2,\"name\":\"Productos\",\"item\":\"https:\/\/baquedano.com.ar\/sitio\/shop\/\"},{\"@type\":\"ListItem\",\"position\":3,\"name\":\"MEDIAS COMPRECION GRADUADA &#8211; SOX\"}]},{\"@type\":\"WebSite\",\"@id\":\"https:\/\/baquedano.com.ar\/sitio\/#website\",\"url\":\"https:\/\/baquedano.com.ar\/sitio\/\",\"name\":\"German Baquedano\",\"description\":\"La fuerza de la calidad\",\"publisher\":{\"@id\":\"https:\/\/baquedano.com.ar\/sitio\/#organization\"},\"potentialAction\":[{\"@type\":\"SearchAction\",\"target\":{\"@type\":\"EntryPoint\",\"urlTemplate\":\"https:\/\/baquedano.com.ar\/sitio\/?s={search_term_string}\"},\"query-input\":{\"@type\":\"PropertyValueSpecification\",\"valueRequired\":true,\"valueName\":\"search_term_string\"}}],\"inLanguage\":\"es\"},{\"@type\":\"Organization\",\"@id\":\"https:\/\/baquedano.com.ar\/sitio\/#organization\",\"name\":\"Baquedano\",\"url\":\"https:\/\/baquedano.com.ar\/sitio\/\",\"logo\":{\"@type\":\"ImageObject\",\"inLanguage\":\"es\",\"@id\":\"https:\/\/baquedano.com.ar\/sitio\/#\/schema\/logo\/image\/\",\"url\":\"https:\/\/baquedano.com.ar\/sitio\/wp-content\/uploads\/2022\/02\/logo_tr.png\",\"contentUrl\":\"https:\/\/baquedano.com.ar\/sitio\/wp-content\/uploads\/2022\/02\/logo_tr.png\",\"width\":362,\"height\":119,\"caption\":\"Baquedano\"},\"image\":{\"@id\":\"https:\/\/baquedano.com.ar\/sitio\/#\/schema\/logo\/image\/\"},\"sameAs\":[\"https:\/\/www.facebook.com\/baquedano.german\/\",\"https:\/\/www.instagram.com\/baquedanog\/\"],\"email\":\"gbaquedano@baquedano.com.ar\",\"telephone\":\"+542477440611\"}]}<\/script>\n<!-- \/ Yoast SEO Premium plugin. -->","yoast_head_json":{"title":"MEDIAS COMPRECION GRADUADA - SOX - Baquedano","robots":{"index":"index","follow":"follow","max-snippet":"max-snippet:-1","max-image-preview":"max-image-preview:large","max-video-preview":"max-video-preview:-1"},"canonical":"https:\/\/baquedano.com.ar\/sitio\/producto\/medias-comprecion-graduada-sox\/","og_locale":"es_ES","og_type":"article","og_title":"MEDIAS COMPRECION GRADUADA - SOX","og_description":"&#x1f9e6; Medias de Compresi\u00f3n SOX \u2013 Descanso y Recuperaci\u00f3n Dise\u00f1adas para brindar confort, aliviar la fatiga muscular y mejorar la circulaci\u00f3n, las medias SOX son ideales para viajes largos, jornadas extensas de pie o post entrenamiento. &#x1f538; Compresi\u00f3n graduada 15-20 mmHg&#x1f538; Tejido tricapa inteligente: elasticidad, ajuste y confort&#x1f538; Pu\u00f1o doble que no se baja&#x1f538; Secado r\u00e1pido: evita humedad, hongos y mal olor&#x1f538; Puntera y tal\u00f3n reforzados&#x1f538; Ca\u00f1a y pie anat\u00f3micos Usos recomendados:&#x2714;&#xfe0f; Viajes largos o cortos&#x2714;&#xfe0f; Despu\u00e9s de la actividad f\u00edsica&#x2714;&#xfe0f; Largas horas sentado o de pie","og_url":"https:\/\/baquedano.com.ar\/sitio\/producto\/medias-comprecion-graduada-sox\/","og_site_name":"Baquedano","article_publisher":"https:\/\/www.facebook.com\/baquedano.german\/","article_modified_time":"2026-03-06T19:49:54+00:00","og_image":[{"width":712,"height":771,"url":"https:\/\/baquedano.com.ar\/sitio\/wp-content\/uploads\/2025\/07\/623c7a21-dc03-4e6c-8334-e0f41cddc00d.jpg","type":"image\/jpeg"}],"twitter_card":"summary_large_image","twitter_misc":{"Tiempo de lectura":"1 minuto"},"schema":{"@context":"https:\/\/schema.org","@graph":[{"@type":"WebPage","@id":"https:\/\/baquedano.com.ar\/sitio\/producto\/medias-comprecion-graduada-sox\/","url":"https:\/\/baquedano.com.ar\/sitio\/producto\/medias-comprecion-graduada-sox\/","name":"MEDIAS COMPRECION GRADUADA - SOX - Baquedano","isPartOf":{"@id":"https:\/\/baquedano.com.ar\/sitio\/#website"},"primaryImageOfPage":{"@id":"https:\/\/baquedano.com.ar\/sitio\/producto\/medias-comprecion-graduada-sox\/#primaryimage"},"image":{"@id":"https:\/\/baquedano.com.ar\/sitio\/producto\/medias-comprecion-graduada-sox\/#primaryimage"},"thumbnailUrl":"https:\/\/baquedano.com.ar\/sitio\/wp-content\/uploads\/2025\/07\/623c7a21-dc03-4e6c-8334-e0f41cddc00d.jpg","datePublished":"2025-07-29T12:21:29+00:00","dateModified":"2026-03-06T19:49:54+00:00","breadcrumb":{"@id":"https:\/\/baquedano.com.ar\/sitio\/producto\/medias-comprecion-graduada-sox\/#breadcrumb"},"inLanguage":"es","potentialAction":[{"@type":"ReadAction","target":["https:\/\/baquedano.com.ar\/sitio\/producto\/medias-comprecion-graduada-sox\/"]}]},{"@type":"ImageObject","inLanguage":"es","@id":"https:\/\/baquedano.com.ar\/sitio\/producto\/medias-comprecion-graduada-sox\/#primaryimage","url":"https:\/\/baquedano.com.ar\/sitio\/wp-content\/uploads\/2025\/07\/623c7a21-dc03-4e6c-8334-e0f41cddc00d.jpg","contentUrl":"https:\/\/baquedano.com.ar\/sitio\/wp-content\/uploads\/2025\/07\/623c7a21-dc03-4e6c-8334-e0f41cddc00d.jpg","width":712,"height":771},{"@type":"BreadcrumbList","@id":"https:\/\/baquedano.com.ar\/sitio\/producto\/medias-comprecion-graduada-sox\/#breadcrumb","itemListElement":[{"@type":"ListItem","position":1,"name":"Portada","item":"https:\/\/baquedano.com.ar\/sitio\/"},{"@type":"ListItem","position":2,"name":"Productos","item":"https:\/\/baquedano.com.ar\/sitio\/shop\/"},{"@type":"ListItem","position":3,"name":"MEDIAS COMPRECION GRADUADA &#8211; SOX"}]},{"@type":"WebSite","@id":"https:\/\/baquedano.com.ar\/sitio\/#website","url":"https:\/\/baquedano.com.ar\/sitio\/","name":"German Baquedano","description":"La fuerza de la calidad","publisher":{"@id":"https:\/\/baquedano.com.ar\/sitio\/#organization"},"potentialAction":[{"@type":"SearchAction","target":{"@type":"EntryPoint","urlTemplate":"https:\/\/baquedano.com.ar\/sitio\/?s={search_term_string}"},"query-input":{"@type":"PropertyValueSpecification","valueRequired":true,"valueName":"search_term_string"}}],"inLanguage":"es"},{"@type":"Organization","@id":"https:\/\/baquedano.com.ar\/sitio\/#organization","name":"Baquedano","url":"https:\/\/baquedano.com.ar\/sitio\/","logo":{"@type":"ImageObject","inLanguage":"es","@id":"https:\/\/baquedano.com.ar\/sitio\/#\/schema\/logo\/image\/","url":"https:\/\/baquedano.com.ar\/sitio\/wp-content\/uploads\/2022\/02\/logo_tr.png","contentUrl":"https:\/\/baquedano.com.ar\/sitio\/wp-content\/uploads\/2022\/02\/logo_tr.png","width":362,"height":119,"caption":"Baquedano"},"image":{"@id":"https:\/\/baquedano.com.ar\/sitio\/#\/schema\/logo\/image\/"},"sameAs":["https:\/\/www.facebook.com\/baquedano.german\/","https:\/\/www.instagram.com\/baquedanog\/"],"email":"gbaquedano@baquedano.com.ar","telephone":"+542477440611"}]}},"_links":{"self":[{"href":"https:\/\/baquedano.com.ar\/sitio\/wp-json\/wp\/v2\/product\/3915","targetHints":{"allow":["GET"]}}],"collection":[{"href":"https:\/\/baquedano.com.ar\/sitio\/wp-json\/wp\/v2\/product"}],"about":[{"href":"https:\/\/baquedano.com.ar\/sitio\/wp-json\/wp\/v2\/types\/product"}],"wp:featuredmedia":[{"embeddable":true,"href":"https:\/\/baquedano.com.ar\/sitio\/wp-json\/wp\/v2\/media\/3927"}],"wp:attachment":[{"href":"https:\/\/baquedano.com.ar\/sitio\/wp-json\/wp\/v2\/media?parent=3915"}],"wp:term":[{"taxonomy":"product_brand","embeddable":true,"href":"https:\/\/baquedano.com.ar\/sitio\/wp-json\/wp\/v2\/product_brand?post=3915"},{"taxonomy":"product_cat","embeddable":true,"href":"https:\/\/baquedano.com.ar\/sitio\/wp-json\/wp\/v2\/product_cat?post=3915"},{"taxonomy":"product_tag","embeddable":true,"href":"https:\/\/baquedano.com.ar\/sitio\/wp-json\/wp\/v2\/product_tag?post=3915"}],"curies":[{"name":"wp","href":"https:\/\/api.w.org\/{rel}","templated":true}]}}