{"id":3805,"date":"2025-07-10T09:13:04","date_gmt":"2025-07-10T12:13:04","guid":{"rendered":"https:\/\/baquedano.com.ar\/sitio\/?post_type=product&#038;p=3805"},"modified":"2026-03-19T11:43:14","modified_gmt":"2026-03-19T14:43:14","slug":"medias-nino-sox","status":"publish","type":"product","link":"https:\/\/baquedano.com.ar\/sitio\/producto\/medias-nino-sox\/","title":{"rendered":"Medias ni\u00f1o &#8211; SOX"},"content":{"rendered":"<p>&#x1f9e6; Medias T\u00e9cnicas para Ni\u00f1os \u2013<\/p>\n<p>C\u00f3modas, resistentes y listas para la aventura<\/p>\n<p>&#x2714;&#xfe0f; Pu\u00f1o doble elastizado que se ajusta sin apretar.<br \/>\n&#x2714;&#xfe0f; Interior con toalla completa para mayor abrigo y suavidad.<br \/>\n&#x2714;&#xfe0f; Empeine y tobillo elastizados que acompa\u00f1an el movimiento del pie.<br \/>\n&#x2714;&#xfe0f; Tecnolog\u00eda In-Flex en el empeine para m\u00e1s flexibilidad al caminar o jugar.<br \/>\n&#x2714;&#xfe0f; Costura extra plana en la puntera que no molesta ni genera rozaduras.<br \/>\n&#x2714;&#xfe0f; Tal\u00f3n y puntera reforzados para resistir el uso diario.<br \/>\n&#x2714;&#xfe0f; Con spandex para un calce perfecto que no se cae ni aprieta.<br \/>\n&#x2714;&#xfe0f; Secado r\u00e1pido ideal para climas fr\u00edos o h\u00famedos.<\/p>\n<p>&#x1f45f; Ideales para usar en la escuela, salidas al aire libre o viajes a la nieve.<\/p>\n","protected":false},"excerpt":{"rendered":"<p>&#x1f9e6; Medias T\u00e9cnicas para Ni\u00f1os \u2013 C\u00f3modas, resistentes y listas para la aventura<\/p>\n<p>&#x2714;&#xfe0f; Pu\u00f1o doble elastizado que se ajusta sin apretar.<br \/>\n&#x2714;&#xfe0f; Interior con toalla completa para mayor abrigo y suavidad.<br \/>\n&#x2714;&#xfe0f; Empeine y tobillo elastizados que acompa\u00f1an el movimiento del pie.<br \/>\n&#x2714;&#xfe0f; Tecnolog\u00eda In-Flex en el empeine para m\u00e1s flexibilidad al caminar o jugar.<br \/>\n&#x2714;&#xfe0f; Costura extra plana en la puntera que no molesta ni genera rozaduras.<br \/>\n&#x2714;&#xfe0f; Tal\u00f3n y puntera reforzados para resistir el uso diario.<br \/>\n&#x2714;&#xfe0f; Con spandex para un calce perfecto que no se cae ni aprieta.<br \/>\n&#x2714;&#xfe0f; Secado r\u00e1pido ideal para climas fr\u00edos o h\u00famedos.<\/p>\n<p>&#x1f45f; Ideales para usar en la escuela, salidas al aire libre o viajes a la nieve.<\/p>\n","protected":false},"featured_media":3808,"template":"","meta":[],"product_brand":[],"product_cat":[120],"product_tag":[],"class_list":{"0":"post-3805","1":"product","2":"type-product","3":"status-publish","4":"has-post-thumbnail","6":"product_cat-nino","8":"first","9":"instock","10":"sold-individually","11":"shipping-taxable","12":"purchasable","13":"product-type-simple"},"yoast_head":"<!-- This site is optimized with the Yoast SEO Premium plugin v26.2 (Yoast SEO v27.1.1) - https:\/\/yoast.com\/product\/yoast-seo-premium-wordpress\/ -->\n<title>Medias ni\u00f1o - SOX - Baquedano<\/title>\n<meta name=\"robots\" content=\"index, follow, max-snippet:-1, max-image-preview:large, max-video-preview:-1\" \/>\n<link rel=\"canonical\" href=\"https:\/\/baquedano.com.ar\/sitio\/producto\/medias-nino-sox\/\" \/>\n<meta property=\"og:locale\" content=\"es_ES\" \/>\n<meta property=\"og:type\" content=\"article\" \/>\n<meta property=\"og:title\" content=\"Medias ni\u00f1o - SOX\" \/>\n<meta property=\"og:description\" content=\"&#x1f9e6; Medias T\u00e9cnicas para Ni\u00f1os \u2013 C\u00f3modas, resistentes y listas para la aventura  &#x2714;&#xfe0f; Pu\u00f1o doble elastizado que se ajusta sin apretar. &#x2714;&#xfe0f; Interior con toalla completa para mayor abrigo y suavidad. &#x2714;&#xfe0f; Empeine y tobillo elastizados que acompa\u00f1an el movimiento del pie. &#x2714;&#xfe0f; Tecnolog\u00eda In-Flex en el empeine para m\u00e1s flexibilidad al caminar o jugar. &#x2714;&#xfe0f; Costura extra plana en la puntera que no molesta ni genera rozaduras. &#x2714;&#xfe0f; Tal\u00f3n y puntera reforzados para resistir el uso diario. &#x2714;&#xfe0f; Con spandex para un calce perfecto que no se cae ni aprieta. &#x2714;&#xfe0f; Secado r\u00e1pido ideal para climas fr\u00edos o h\u00famedos.  &#x1f45f; Ideales para usar en la escuela, salidas al aire libre o viajes a la nieve.\" \/>\n<meta property=\"og:url\" content=\"https:\/\/baquedano.com.ar\/sitio\/producto\/medias-nino-sox\/\" \/>\n<meta property=\"og:site_name\" content=\"Baquedano\" \/>\n<meta property=\"article:publisher\" content=\"https:\/\/www.facebook.com\/baquedano.german\/\" \/>\n<meta property=\"article:modified_time\" content=\"2026-03-19T14:43:14+00:00\" \/>\n<meta property=\"og:image\" content=\"https:\/\/baquedano.com.ar\/sitio\/wp-content\/uploads\/2025\/07\/7ea90afd-6009-4748-a993-5c1673052b8f.jpg\" \/>\n\t<meta property=\"og:image:width\" content=\"389\" \/>\n\t<meta property=\"og:image:height\" content=\"500\" \/>\n\t<meta property=\"og:image:type\" content=\"image\/jpeg\" \/>\n<meta name=\"twitter:card\" content=\"summary_large_image\" \/>\n<meta name=\"twitter:label1\" content=\"Tiempo de lectura\" \/>\n\t<meta name=\"twitter:data1\" content=\"1 minuto\" \/>\n<script type=\"application\/ld+json\" class=\"yoast-schema-graph\">{\"@context\":\"https:\/\/schema.org\",\"@graph\":[{\"@type\":\"WebPage\",\"@id\":\"https:\/\/baquedano.com.ar\/sitio\/producto\/medias-nino-sox\/\",\"url\":\"https:\/\/baquedano.com.ar\/sitio\/producto\/medias-nino-sox\/\",\"name\":\"Medias ni\u00f1o - SOX - Baquedano\",\"isPartOf\":{\"@id\":\"https:\/\/baquedano.com.ar\/sitio\/#website\"},\"primaryImageOfPage\":{\"@id\":\"https:\/\/baquedano.com.ar\/sitio\/producto\/medias-nino-sox\/#primaryimage\"},\"image\":{\"@id\":\"https:\/\/baquedano.com.ar\/sitio\/producto\/medias-nino-sox\/#primaryimage\"},\"thumbnailUrl\":\"https:\/\/baquedano.com.ar\/sitio\/wp-content\/uploads\/2025\/07\/7ea90afd-6009-4748-a993-5c1673052b8f.jpg\",\"datePublished\":\"2025-07-10T12:13:04+00:00\",\"dateModified\":\"2026-03-19T14:43:14+00:00\",\"breadcrumb\":{\"@id\":\"https:\/\/baquedano.com.ar\/sitio\/producto\/medias-nino-sox\/#breadcrumb\"},\"inLanguage\":\"es\",\"potentialAction\":[{\"@type\":\"ReadAction\",\"target\":[\"https:\/\/baquedano.com.ar\/sitio\/producto\/medias-nino-sox\/\"]}]},{\"@type\":\"ImageObject\",\"inLanguage\":\"es\",\"@id\":\"https:\/\/baquedano.com.ar\/sitio\/producto\/medias-nino-sox\/#primaryimage\",\"url\":\"https:\/\/baquedano.com.ar\/sitio\/wp-content\/uploads\/2025\/07\/7ea90afd-6009-4748-a993-5c1673052b8f.jpg\",\"contentUrl\":\"https:\/\/baquedano.com.ar\/sitio\/wp-content\/uploads\/2025\/07\/7ea90afd-6009-4748-a993-5c1673052b8f.jpg\",\"width\":389,\"height\":500},{\"@type\":\"BreadcrumbList\",\"@id\":\"https:\/\/baquedano.com.ar\/sitio\/producto\/medias-nino-sox\/#breadcrumb\",\"itemListElement\":[{\"@type\":\"ListItem\",\"position\":1,\"name\":\"Portada\",\"item\":\"https:\/\/baquedano.com.ar\/sitio\/\"},{\"@type\":\"ListItem\",\"position\":2,\"name\":\"Productos\",\"item\":\"https:\/\/baquedano.com.ar\/sitio\/shop\/\"},{\"@type\":\"ListItem\",\"position\":3,\"name\":\"Medias ni\u00f1o &#8211; SOX\"}]},{\"@type\":\"WebSite\",\"@id\":\"https:\/\/baquedano.com.ar\/sitio\/#website\",\"url\":\"https:\/\/baquedano.com.ar\/sitio\/\",\"name\":\"German Baquedano\",\"description\":\"La fuerza de la calidad\",\"publisher\":{\"@id\":\"https:\/\/baquedano.com.ar\/sitio\/#organization\"},\"potentialAction\":[{\"@type\":\"SearchAction\",\"target\":{\"@type\":\"EntryPoint\",\"urlTemplate\":\"https:\/\/baquedano.com.ar\/sitio\/?s={search_term_string}\"},\"query-input\":{\"@type\":\"PropertyValueSpecification\",\"valueRequired\":true,\"valueName\":\"search_term_string\"}}],\"inLanguage\":\"es\"},{\"@type\":\"Organization\",\"@id\":\"https:\/\/baquedano.com.ar\/sitio\/#organization\",\"name\":\"Baquedano\",\"url\":\"https:\/\/baquedano.com.ar\/sitio\/\",\"logo\":{\"@type\":\"ImageObject\",\"inLanguage\":\"es\",\"@id\":\"https:\/\/baquedano.com.ar\/sitio\/#\/schema\/logo\/image\/\",\"url\":\"https:\/\/baquedano.com.ar\/sitio\/wp-content\/uploads\/2022\/02\/logo_tr.png\",\"contentUrl\":\"https:\/\/baquedano.com.ar\/sitio\/wp-content\/uploads\/2022\/02\/logo_tr.png\",\"width\":362,\"height\":119,\"caption\":\"Baquedano\"},\"image\":{\"@id\":\"https:\/\/baquedano.com.ar\/sitio\/#\/schema\/logo\/image\/\"},\"sameAs\":[\"https:\/\/www.facebook.com\/baquedano.german\/\",\"https:\/\/www.instagram.com\/baquedanog\/\"],\"email\":\"gbaquedano@baquedano.com.ar\",\"telephone\":\"+542477440611\"}]}<\/script>\n<!-- \/ Yoast SEO Premium plugin. -->","yoast_head_json":{"title":"Medias ni\u00f1o - SOX - Baquedano","robots":{"index":"index","follow":"follow","max-snippet":"max-snippet:-1","max-image-preview":"max-image-preview:large","max-video-preview":"max-video-preview:-1"},"canonical":"https:\/\/baquedano.com.ar\/sitio\/producto\/medias-nino-sox\/","og_locale":"es_ES","og_type":"article","og_title":"Medias ni\u00f1o - SOX","og_description":"&#x1f9e6; Medias T\u00e9cnicas para Ni\u00f1os \u2013 C\u00f3modas, resistentes y listas para la aventura  &#x2714;&#xfe0f; Pu\u00f1o doble elastizado que se ajusta sin apretar. &#x2714;&#xfe0f; Interior con toalla completa para mayor abrigo y suavidad. &#x2714;&#xfe0f; Empeine y tobillo elastizados que acompa\u00f1an el movimiento del pie. &#x2714;&#xfe0f; Tecnolog\u00eda In-Flex en el empeine para m\u00e1s flexibilidad al caminar o jugar. &#x2714;&#xfe0f; Costura extra plana en la puntera que no molesta ni genera rozaduras. &#x2714;&#xfe0f; Tal\u00f3n y puntera reforzados para resistir el uso diario. &#x2714;&#xfe0f; Con spandex para un calce perfecto que no se cae ni aprieta. &#x2714;&#xfe0f; Secado r\u00e1pido ideal para climas fr\u00edos o h\u00famedos.  &#x1f45f; Ideales para usar en la escuela, salidas al aire libre o viajes a la nieve.","og_url":"https:\/\/baquedano.com.ar\/sitio\/producto\/medias-nino-sox\/","og_site_name":"Baquedano","article_publisher":"https:\/\/www.facebook.com\/baquedano.german\/","article_modified_time":"2026-03-19T14:43:14+00:00","og_image":[{"width":389,"height":500,"url":"https:\/\/baquedano.com.ar\/sitio\/wp-content\/uploads\/2025\/07\/7ea90afd-6009-4748-a993-5c1673052b8f.jpg","type":"image\/jpeg"}],"twitter_card":"summary_large_image","twitter_misc":{"Tiempo de lectura":"1 minuto"},"schema":{"@context":"https:\/\/schema.org","@graph":[{"@type":"WebPage","@id":"https:\/\/baquedano.com.ar\/sitio\/producto\/medias-nino-sox\/","url":"https:\/\/baquedano.com.ar\/sitio\/producto\/medias-nino-sox\/","name":"Medias ni\u00f1o - SOX - Baquedano","isPartOf":{"@id":"https:\/\/baquedano.com.ar\/sitio\/#website"},"primaryImageOfPage":{"@id":"https:\/\/baquedano.com.ar\/sitio\/producto\/medias-nino-sox\/#primaryimage"},"image":{"@id":"https:\/\/baquedano.com.ar\/sitio\/producto\/medias-nino-sox\/#primaryimage"},"thumbnailUrl":"https:\/\/baquedano.com.ar\/sitio\/wp-content\/uploads\/2025\/07\/7ea90afd-6009-4748-a993-5c1673052b8f.jpg","datePublished":"2025-07-10T12:13:04+00:00","dateModified":"2026-03-19T14:43:14+00:00","breadcrumb":{"@id":"https:\/\/baquedano.com.ar\/sitio\/producto\/medias-nino-sox\/#breadcrumb"},"inLanguage":"es","potentialAction":[{"@type":"ReadAction","target":["https:\/\/baquedano.com.ar\/sitio\/producto\/medias-nino-sox\/"]}]},{"@type":"ImageObject","inLanguage":"es","@id":"https:\/\/baquedano.com.ar\/sitio\/producto\/medias-nino-sox\/#primaryimage","url":"https:\/\/baquedano.com.ar\/sitio\/wp-content\/uploads\/2025\/07\/7ea90afd-6009-4748-a993-5c1673052b8f.jpg","contentUrl":"https:\/\/baquedano.com.ar\/sitio\/wp-content\/uploads\/2025\/07\/7ea90afd-6009-4748-a993-5c1673052b8f.jpg","width":389,"height":500},{"@type":"BreadcrumbList","@id":"https:\/\/baquedano.com.ar\/sitio\/producto\/medias-nino-sox\/#breadcrumb","itemListElement":[{"@type":"ListItem","position":1,"name":"Portada","item":"https:\/\/baquedano.com.ar\/sitio\/"},{"@type":"ListItem","position":2,"name":"Productos","item":"https:\/\/baquedano.com.ar\/sitio\/shop\/"},{"@type":"ListItem","position":3,"name":"Medias ni\u00f1o &#8211; SOX"}]},{"@type":"WebSite","@id":"https:\/\/baquedano.com.ar\/sitio\/#website","url":"https:\/\/baquedano.com.ar\/sitio\/","name":"German Baquedano","description":"La fuerza de la calidad","publisher":{"@id":"https:\/\/baquedano.com.ar\/sitio\/#organization"},"potentialAction":[{"@type":"SearchAction","target":{"@type":"EntryPoint","urlTemplate":"https:\/\/baquedano.com.ar\/sitio\/?s={search_term_string}"},"query-input":{"@type":"PropertyValueSpecification","valueRequired":true,"valueName":"search_term_string"}}],"inLanguage":"es"},{"@type":"Organization","@id":"https:\/\/baquedano.com.ar\/sitio\/#organization","name":"Baquedano","url":"https:\/\/baquedano.com.ar\/sitio\/","logo":{"@type":"ImageObject","inLanguage":"es","@id":"https:\/\/baquedano.com.ar\/sitio\/#\/schema\/logo\/image\/","url":"https:\/\/baquedano.com.ar\/sitio\/wp-content\/uploads\/2022\/02\/logo_tr.png","contentUrl":"https:\/\/baquedano.com.ar\/sitio\/wp-content\/uploads\/2022\/02\/logo_tr.png","width":362,"height":119,"caption":"Baquedano"},"image":{"@id":"https:\/\/baquedano.com.ar\/sitio\/#\/schema\/logo\/image\/"},"sameAs":["https:\/\/www.facebook.com\/baquedano.german\/","https:\/\/www.instagram.com\/baquedanog\/"],"email":"gbaquedano@baquedano.com.ar","telephone":"+542477440611"}]}},"_links":{"self":[{"href":"https:\/\/baquedano.com.ar\/sitio\/wp-json\/wp\/v2\/product\/3805","targetHints":{"allow":["GET"]}}],"collection":[{"href":"https:\/\/baquedano.com.ar\/sitio\/wp-json\/wp\/v2\/product"}],"about":[{"href":"https:\/\/baquedano.com.ar\/sitio\/wp-json\/wp\/v2\/types\/product"}],"wp:featuredmedia":[{"embeddable":true,"href":"https:\/\/baquedano.com.ar\/sitio\/wp-json\/wp\/v2\/media\/3808"}],"wp:attachment":[{"href":"https:\/\/baquedano.com.ar\/sitio\/wp-json\/wp\/v2\/media?parent=3805"}],"wp:term":[{"taxonomy":"product_brand","embeddable":true,"href":"https:\/\/baquedano.com.ar\/sitio\/wp-json\/wp\/v2\/product_brand?post=3805"},{"taxonomy":"product_cat","embeddable":true,"href":"https:\/\/baquedano.com.ar\/sitio\/wp-json\/wp\/v2\/product_cat?post=3805"},{"taxonomy":"product_tag","embeddable":true,"href":"https:\/\/baquedano.com.ar\/sitio\/wp-json\/wp\/v2\/product_tag?post=3805"}],"curies":[{"name":"wp","href":"https:\/\/api.w.org\/{rel}","templated":true}]}}