{"id":3696,"date":"2025-06-18T10:29:24","date_gmt":"2025-06-18T13:29:24","guid":{"rendered":"https:\/\/baquedano.com.ar\/sitio\/?post_type=product&#038;p=3696"},"modified":"2026-03-18T17:51:25","modified_gmt":"2026-03-18T20:51:25","slug":"botas-dama-nexxt","status":"publish","type":"product","link":"https:\/\/baquedano.com.ar\/sitio\/producto\/botas-dama-nexxt\/","title":{"rendered":"Botas- Dama- NEXXT"},"content":{"rendered":"<p>Ideales para el invierno!: Abrigo, Suavidad y Estilo<br \/>\nBase antideslizante + forro termico<br \/>\nDise\u00f1adas para que tus pies est\u00e9n comodos y abrigados todo el d\u00eda!<\/p>\n","protected":false},"excerpt":{"rendered":"<p>Ideales para el invierno!: Abrigo, Suavidad y Estilo Base antideslizante + forro termico Dise\u00f1adas para que tus pies est\u00e9n comodos y abrigados todo el d\u00eda!<\/p>\n","protected":false},"featured_media":3718,"template":"","meta":[],"product_brand":[],"product_cat":[119],"product_tag":[],"class_list":{"0":"post-3696","1":"product","2":"type-product","3":"status-publish","4":"has-post-thumbnail","6":"product_cat-dama","7":"product_shipping_class-simple","9":"first","10":"instock","11":"sold-individually","12":"shipping-taxable","13":"purchasable","14":"product-type-variable"},"yoast_head":"<!-- This site is optimized with the Yoast SEO Premium plugin v26.2 (Yoast SEO v27.1.1) - https:\/\/yoast.com\/product\/yoast-seo-premium-wordpress\/ -->\n<title>Botas- Dama- NEXXT - Baquedano<\/title>\n<meta name=\"robots\" content=\"index, follow, max-snippet:-1, max-image-preview:large, max-video-preview:-1\" \/>\n<link rel=\"canonical\" href=\"https:\/\/baquedano.com.ar\/sitio\/producto\/botas-dama-nexxt\/\" \/>\n<meta property=\"og:locale\" content=\"es_ES\" \/>\n<meta property=\"og:type\" content=\"article\" \/>\n<meta property=\"og:title\" content=\"Botas- Dama- NEXXT\" \/>\n<meta property=\"og:description\" content=\"Ideales para el invierno!: Abrigo, Suavidad y Estilo Base antideslizante + forro termico Dise\u00f1adas para que tus pies est\u00e9n comodos y abrigados todo el d\u00eda!\" \/>\n<meta property=\"og:url\" content=\"https:\/\/baquedano.com.ar\/sitio\/producto\/botas-dama-nexxt\/\" \/>\n<meta property=\"og:site_name\" content=\"Baquedano\" \/>\n<meta property=\"article:publisher\" content=\"https:\/\/www.facebook.com\/baquedano.german\/\" \/>\n<meta property=\"article:modified_time\" content=\"2026-03-18T20:51:25+00:00\" \/>\n<meta property=\"og:image\" content=\"https:\/\/baquedano.com.ar\/sitio\/wp-content\/uploads\/2025\/06\/05188db5-c6b9-4f10-9cbc-226207d6c002-3.jpg\" \/>\n\t<meta property=\"og:image:width\" content=\"960\" \/>\n\t<meta property=\"og:image:height\" content=\"1280\" \/>\n\t<meta property=\"og:image:type\" content=\"image\/jpeg\" \/>\n<meta name=\"twitter:card\" content=\"summary_large_image\" \/>\n<meta name=\"twitter:label1\" content=\"Tiempo de lectura\" \/>\n\t<meta name=\"twitter:data1\" content=\"1 minuto\" \/>\n<script type=\"application\/ld+json\" class=\"yoast-schema-graph\">{\"@context\":\"https:\/\/schema.org\",\"@graph\":[{\"@type\":\"WebPage\",\"@id\":\"https:\/\/baquedano.com.ar\/sitio\/producto\/botas-dama-nexxt\/\",\"url\":\"https:\/\/baquedano.com.ar\/sitio\/producto\/botas-dama-nexxt\/\",\"name\":\"Botas- Dama- NEXXT - Baquedano\",\"isPartOf\":{\"@id\":\"https:\/\/baquedano.com.ar\/sitio\/#website\"},\"primaryImageOfPage\":{\"@id\":\"https:\/\/baquedano.com.ar\/sitio\/producto\/botas-dama-nexxt\/#primaryimage\"},\"image\":{\"@id\":\"https:\/\/baquedano.com.ar\/sitio\/producto\/botas-dama-nexxt\/#primaryimage\"},\"thumbnailUrl\":\"https:\/\/baquedano.com.ar\/sitio\/wp-content\/uploads\/2025\/06\/05188db5-c6b9-4f10-9cbc-226207d6c002-3.jpg\",\"datePublished\":\"2025-06-18T13:29:24+00:00\",\"dateModified\":\"2026-03-18T20:51:25+00:00\",\"breadcrumb\":{\"@id\":\"https:\/\/baquedano.com.ar\/sitio\/producto\/botas-dama-nexxt\/#breadcrumb\"},\"inLanguage\":\"es\",\"potentialAction\":[{\"@type\":\"ReadAction\",\"target\":[\"https:\/\/baquedano.com.ar\/sitio\/producto\/botas-dama-nexxt\/\"]}]},{\"@type\":\"ImageObject\",\"inLanguage\":\"es\",\"@id\":\"https:\/\/baquedano.com.ar\/sitio\/producto\/botas-dama-nexxt\/#primaryimage\",\"url\":\"https:\/\/baquedano.com.ar\/sitio\/wp-content\/uploads\/2025\/06\/05188db5-c6b9-4f10-9cbc-226207d6c002-3.jpg\",\"contentUrl\":\"https:\/\/baquedano.com.ar\/sitio\/wp-content\/uploads\/2025\/06\/05188db5-c6b9-4f10-9cbc-226207d6c002-3.jpg\",\"width\":960,\"height\":1280},{\"@type\":\"BreadcrumbList\",\"@id\":\"https:\/\/baquedano.com.ar\/sitio\/producto\/botas-dama-nexxt\/#breadcrumb\",\"itemListElement\":[{\"@type\":\"ListItem\",\"position\":1,\"name\":\"Portada\",\"item\":\"https:\/\/baquedano.com.ar\/sitio\/\"},{\"@type\":\"ListItem\",\"position\":2,\"name\":\"Productos\",\"item\":\"https:\/\/baquedano.com.ar\/sitio\/shop\/\"},{\"@type\":\"ListItem\",\"position\":3,\"name\":\"Botas- Dama- NEXXT\"}]},{\"@type\":\"WebSite\",\"@id\":\"https:\/\/baquedano.com.ar\/sitio\/#website\",\"url\":\"https:\/\/baquedano.com.ar\/sitio\/\",\"name\":\"German Baquedano\",\"description\":\"La fuerza de la calidad\",\"publisher\":{\"@id\":\"https:\/\/baquedano.com.ar\/sitio\/#organization\"},\"potentialAction\":[{\"@type\":\"SearchAction\",\"target\":{\"@type\":\"EntryPoint\",\"urlTemplate\":\"https:\/\/baquedano.com.ar\/sitio\/?s={search_term_string}\"},\"query-input\":{\"@type\":\"PropertyValueSpecification\",\"valueRequired\":true,\"valueName\":\"search_term_string\"}}],\"inLanguage\":\"es\"},{\"@type\":\"Organization\",\"@id\":\"https:\/\/baquedano.com.ar\/sitio\/#organization\",\"name\":\"Baquedano\",\"url\":\"https:\/\/baquedano.com.ar\/sitio\/\",\"logo\":{\"@type\":\"ImageObject\",\"inLanguage\":\"es\",\"@id\":\"https:\/\/baquedano.com.ar\/sitio\/#\/schema\/logo\/image\/\",\"url\":\"https:\/\/baquedano.com.ar\/sitio\/wp-content\/uploads\/2022\/02\/logo_tr.png\",\"contentUrl\":\"https:\/\/baquedano.com.ar\/sitio\/wp-content\/uploads\/2022\/02\/logo_tr.png\",\"width\":362,\"height\":119,\"caption\":\"Baquedano\"},\"image\":{\"@id\":\"https:\/\/baquedano.com.ar\/sitio\/#\/schema\/logo\/image\/\"},\"sameAs\":[\"https:\/\/www.facebook.com\/baquedano.german\/\",\"https:\/\/www.instagram.com\/baquedanog\/\"],\"email\":\"gbaquedano@baquedano.com.ar\",\"telephone\":\"+542477440611\"}]}<\/script>\n<!-- \/ Yoast SEO Premium plugin. -->","yoast_head_json":{"title":"Botas- Dama- NEXXT - Baquedano","robots":{"index":"index","follow":"follow","max-snippet":"max-snippet:-1","max-image-preview":"max-image-preview:large","max-video-preview":"max-video-preview:-1"},"canonical":"https:\/\/baquedano.com.ar\/sitio\/producto\/botas-dama-nexxt\/","og_locale":"es_ES","og_type":"article","og_title":"Botas- Dama- NEXXT","og_description":"Ideales para el invierno!: Abrigo, Suavidad y Estilo Base antideslizante + forro termico Dise\u00f1adas para que tus pies est\u00e9n comodos y abrigados todo el d\u00eda!","og_url":"https:\/\/baquedano.com.ar\/sitio\/producto\/botas-dama-nexxt\/","og_site_name":"Baquedano","article_publisher":"https:\/\/www.facebook.com\/baquedano.german\/","article_modified_time":"2026-03-18T20:51:25+00:00","og_image":[{"width":960,"height":1280,"url":"https:\/\/baquedano.com.ar\/sitio\/wp-content\/uploads\/2025\/06\/05188db5-c6b9-4f10-9cbc-226207d6c002-3.jpg","type":"image\/jpeg"}],"twitter_card":"summary_large_image","twitter_misc":{"Tiempo de lectura":"1 minuto"},"schema":{"@context":"https:\/\/schema.org","@graph":[{"@type":"WebPage","@id":"https:\/\/baquedano.com.ar\/sitio\/producto\/botas-dama-nexxt\/","url":"https:\/\/baquedano.com.ar\/sitio\/producto\/botas-dama-nexxt\/","name":"Botas- Dama- NEXXT - Baquedano","isPartOf":{"@id":"https:\/\/baquedano.com.ar\/sitio\/#website"},"primaryImageOfPage":{"@id":"https:\/\/baquedano.com.ar\/sitio\/producto\/botas-dama-nexxt\/#primaryimage"},"image":{"@id":"https:\/\/baquedano.com.ar\/sitio\/producto\/botas-dama-nexxt\/#primaryimage"},"thumbnailUrl":"https:\/\/baquedano.com.ar\/sitio\/wp-content\/uploads\/2025\/06\/05188db5-c6b9-4f10-9cbc-226207d6c002-3.jpg","datePublished":"2025-06-18T13:29:24+00:00","dateModified":"2026-03-18T20:51:25+00:00","breadcrumb":{"@id":"https:\/\/baquedano.com.ar\/sitio\/producto\/botas-dama-nexxt\/#breadcrumb"},"inLanguage":"es","potentialAction":[{"@type":"ReadAction","target":["https:\/\/baquedano.com.ar\/sitio\/producto\/botas-dama-nexxt\/"]}]},{"@type":"ImageObject","inLanguage":"es","@id":"https:\/\/baquedano.com.ar\/sitio\/producto\/botas-dama-nexxt\/#primaryimage","url":"https:\/\/baquedano.com.ar\/sitio\/wp-content\/uploads\/2025\/06\/05188db5-c6b9-4f10-9cbc-226207d6c002-3.jpg","contentUrl":"https:\/\/baquedano.com.ar\/sitio\/wp-content\/uploads\/2025\/06\/05188db5-c6b9-4f10-9cbc-226207d6c002-3.jpg","width":960,"height":1280},{"@type":"BreadcrumbList","@id":"https:\/\/baquedano.com.ar\/sitio\/producto\/botas-dama-nexxt\/#breadcrumb","itemListElement":[{"@type":"ListItem","position":1,"name":"Portada","item":"https:\/\/baquedano.com.ar\/sitio\/"},{"@type":"ListItem","position":2,"name":"Productos","item":"https:\/\/baquedano.com.ar\/sitio\/shop\/"},{"@type":"ListItem","position":3,"name":"Botas- Dama- NEXXT"}]},{"@type":"WebSite","@id":"https:\/\/baquedano.com.ar\/sitio\/#website","url":"https:\/\/baquedano.com.ar\/sitio\/","name":"German Baquedano","description":"La fuerza de la calidad","publisher":{"@id":"https:\/\/baquedano.com.ar\/sitio\/#organization"},"potentialAction":[{"@type":"SearchAction","target":{"@type":"EntryPoint","urlTemplate":"https:\/\/baquedano.com.ar\/sitio\/?s={search_term_string}"},"query-input":{"@type":"PropertyValueSpecification","valueRequired":true,"valueName":"search_term_string"}}],"inLanguage":"es"},{"@type":"Organization","@id":"https:\/\/baquedano.com.ar\/sitio\/#organization","name":"Baquedano","url":"https:\/\/baquedano.com.ar\/sitio\/","logo":{"@type":"ImageObject","inLanguage":"es","@id":"https:\/\/baquedano.com.ar\/sitio\/#\/schema\/logo\/image\/","url":"https:\/\/baquedano.com.ar\/sitio\/wp-content\/uploads\/2022\/02\/logo_tr.png","contentUrl":"https:\/\/baquedano.com.ar\/sitio\/wp-content\/uploads\/2022\/02\/logo_tr.png","width":362,"height":119,"caption":"Baquedano"},"image":{"@id":"https:\/\/baquedano.com.ar\/sitio\/#\/schema\/logo\/image\/"},"sameAs":["https:\/\/www.facebook.com\/baquedano.german\/","https:\/\/www.instagram.com\/baquedanog\/"],"email":"gbaquedano@baquedano.com.ar","telephone":"+542477440611"}]}},"_links":{"self":[{"href":"https:\/\/baquedano.com.ar\/sitio\/wp-json\/wp\/v2\/product\/3696","targetHints":{"allow":["GET"]}}],"collection":[{"href":"https:\/\/baquedano.com.ar\/sitio\/wp-json\/wp\/v2\/product"}],"about":[{"href":"https:\/\/baquedano.com.ar\/sitio\/wp-json\/wp\/v2\/types\/product"}],"wp:featuredmedia":[{"embeddable":true,"href":"https:\/\/baquedano.com.ar\/sitio\/wp-json\/wp\/v2\/media\/3718"}],"wp:attachment":[{"href":"https:\/\/baquedano.com.ar\/sitio\/wp-json\/wp\/v2\/media?parent=3696"}],"wp:term":[{"taxonomy":"product_brand","embeddable":true,"href":"https:\/\/baquedano.com.ar\/sitio\/wp-json\/wp\/v2\/product_brand?post=3696"},{"taxonomy":"product_cat","embeddable":true,"href":"https:\/\/baquedano.com.ar\/sitio\/wp-json\/wp\/v2\/product_cat?post=3696"},{"taxonomy":"product_tag","embeddable":true,"href":"https:\/\/baquedano.com.ar\/sitio\/wp-json\/wp\/v2\/product_tag?post=3696"}],"curies":[{"name":"wp","href":"https:\/\/api.w.org\/{rel}","templated":true}]}}